{"id":756,"date":"2015-04-28T17:29:31","date_gmt":"2015-04-28T17:29:31","guid":{"rendered":"https:\/\/artssutton.com\/nouvelles-2\/"},"modified":"2025-08-24T16:21:09","modified_gmt":"2025-08-24T20:21:09","slug":"news","status":"publish","type":"page","link":"https:\/\/artssutton.com\/en\/news\/","title":{"rendered":"News"},"content":{"rendered":"\n<h1>\n\t\t\tArts Sutton on Facebook\t<\/h1>\n\tLog in to our <a href=\"https:\/\/www.facebook.com\/artsSutton\" target=\"_blank\" rel=\"noopener\">Facebook page<\/a> and be among those who comment on our shows, activities, events.<br \/>\nWe are always happy to know that you are there, to learn your opinion and to share it with the community!\n\t\t<blockquote cite=\"https:\/\/www.facebook.com\/artsSutton\/\"><a href=\"https:\/\/www.facebook.com\/artsSutton\/\"><\/a><\/blockquote>\n\n","protected":false},"excerpt":{"rendered":"<p>Arts Sutton on Facebook Log in to our Facebook page and be among those who comment on our shows, activities, events. We are always happy to know that you are there, to learn your opinion and to share it with the community!<\/p>\n","protected":false},"author":105,"featured_media":0,"parent":0,"menu_order":5000,"comment_status":"closed","ping_status":"closed","template":"","meta":{"_acf_changed":false,"footnotes":""},"class_list":["post-756","page","type-page","status-publish","hentry"],"acf":[],"yoast_head":"<!-- This site is optimized with the Yoast SEO plugin v27.4 - https:\/\/yoast.com\/product\/yoast-seo-wordpress\/ -->\n<title>News - Arts Sutton<\/title>\n<meta name=\"robots\" content=\"index, follow, max-snippet:-1, max-image-preview:large, max-video-preview:-1\" \/>\n<link rel=\"canonical\" href=\"https:\/\/artssutton.com\/en\/news\/\" \/>\n<meta property=\"og:locale\" content=\"en_US\" \/>\n<meta property=\"og:type\" content=\"article\" \/>\n<meta property=\"og:title\" content=\"News - Arts Sutton\" \/>\n<meta property=\"og:description\" content=\"Arts Sutton on Facebook Log in to our Facebook page and be among those who comment on our shows, activities, events. We are always happy to know that you are there, to learn your opinion and to share it with the community!\" \/>\n<meta property=\"og:url\" content=\"https:\/\/artssutton.com\/en\/news\/\" \/>\n<meta property=\"og:site_name\" content=\"Arts Sutton\" \/>\n<meta property=\"article:publisher\" content=\"https:\/\/www.facebook.com\/artsSutton\" \/>\n<meta property=\"article:modified_time\" content=\"2025-08-24T20:21:09+00:00\" \/>\n<meta property=\"og:image\" content=\"https:\/\/artssutton.com\/wp-content\/uploads\/2019\/07\/Logo_couleur_B_O-FB2019-2400.png\" \/>\n\t<meta property=\"og:image:width\" content=\"2400\" \/>\n\t<meta property=\"og:image:height\" content=\"1260\" \/>\n\t<meta property=\"og:image:type\" content=\"image\/png\" \/>\n<script type=\"application\/ld+json\" class=\"yoast-schema-graph\">{\"@context\":\"https:\\\/\\\/schema.org\",\"@graph\":[{\"@type\":\"WebPage\",\"@id\":\"https:\\\/\\\/artssutton.com\\\/en\\\/news\\\/\",\"url\":\"https:\\\/\\\/artssutton.com\\\/en\\\/news\\\/\",\"name\":\"News - Arts Sutton\",\"isPartOf\":{\"@id\":\"https:\\\/\\\/artssutton.com\\\/en\\\/#website\"},\"datePublished\":\"2015-04-28T17:29:31+00:00\",\"dateModified\":\"2025-08-24T20:21:09+00:00\",\"breadcrumb\":{\"@id\":\"https:\\\/\\\/artssutton.com\\\/en\\\/news\\\/#breadcrumb\"},\"inLanguage\":\"en-US\",\"potentialAction\":[{\"@type\":\"ReadAction\",\"target\":[\"https:\\\/\\\/artssutton.com\\\/en\\\/news\\\/\"]}]},{\"@type\":\"BreadcrumbList\",\"@id\":\"https:\\\/\\\/artssutton.com\\\/en\\\/news\\\/#breadcrumb\",\"itemListElement\":[{\"@type\":\"ListItem\",\"position\":1,\"name\":\"\",\"item\":\"https:\\\/\\\/artssutton.com\\\/en\\\/home\\\/\"},{\"@type\":\"ListItem\",\"position\":2,\"name\":\"News\"}]},{\"@type\":\"WebSite\",\"@id\":\"https:\\\/\\\/artssutton.com\\\/en\\\/#website\",\"url\":\"https:\\\/\\\/artssutton.com\\\/en\\\/\",\"name\":\"Arts Sutton\",\"description\":\"Vou\u00e9 \u00e0 la diffusion de la cr\u00e9ation contemporaine en arts visuels\",\"potentialAction\":[{\"@type\":\"SearchAction\",\"target\":{\"@type\":\"EntryPoint\",\"urlTemplate\":\"https:\\\/\\\/artssutton.com\\\/en\\\/?s={search_term_string}\"},\"query-input\":{\"@type\":\"PropertyValueSpecification\",\"valueRequired\":true,\"valueName\":\"search_term_string\"}}],\"inLanguage\":\"en-US\"}]}<\/script>\n<!-- \/ Yoast SEO plugin. -->","yoast_head_json":{"title":"News - Arts Sutton","robots":{"index":"index","follow":"follow","max-snippet":"max-snippet:-1","max-image-preview":"max-image-preview:large","max-video-preview":"max-video-preview:-1"},"canonical":"https:\/\/artssutton.com\/en\/news\/","og_locale":"en_US","og_type":"article","og_title":"News - Arts Sutton","og_description":"Arts Sutton on Facebook Log in to our Facebook page and be among those who comment on our shows, activities, events. We are always happy to know that you are there, to learn your opinion and to share it with the community!","og_url":"https:\/\/artssutton.com\/en\/news\/","og_site_name":"Arts Sutton","article_publisher":"https:\/\/www.facebook.com\/artsSutton","article_modified_time":"2025-08-24T20:21:09+00:00","og_image":[{"width":2400,"height":1260,"url":"https:\/\/artssutton.com\/wp-content\/uploads\/2019\/07\/Logo_couleur_B_O-FB2019-2400.png","type":"image\/png"}],"schema":{"@context":"https:\/\/schema.org","@graph":[{"@type":"WebPage","@id":"https:\/\/artssutton.com\/en\/news\/","url":"https:\/\/artssutton.com\/en\/news\/","name":"News - Arts Sutton","isPartOf":{"@id":"https:\/\/artssutton.com\/en\/#website"},"datePublished":"2015-04-28T17:29:31+00:00","dateModified":"2025-08-24T20:21:09+00:00","breadcrumb":{"@id":"https:\/\/artssutton.com\/en\/news\/#breadcrumb"},"inLanguage":"en-US","potentialAction":[{"@type":"ReadAction","target":["https:\/\/artssutton.com\/en\/news\/"]}]},{"@type":"BreadcrumbList","@id":"https:\/\/artssutton.com\/en\/news\/#breadcrumb","itemListElement":[{"@type":"ListItem","position":1,"name":"","item":"https:\/\/artssutton.com\/en\/home\/"},{"@type":"ListItem","position":2,"name":"News"}]},{"@type":"WebSite","@id":"https:\/\/artssutton.com\/en\/#website","url":"https:\/\/artssutton.com\/en\/","name":"Arts Sutton","description":"Vou\u00e9 \u00e0 la diffusion de la cr\u00e9ation contemporaine en arts visuels","potentialAction":[{"@type":"SearchAction","target":{"@type":"EntryPoint","urlTemplate":"https:\/\/artssutton.com\/en\/?s={search_term_string}"},"query-input":{"@type":"PropertyValueSpecification","valueRequired":true,"valueName":"search_term_string"}}],"inLanguage":"en-US"}]}},"_links":{"self":[{"href":"https:\/\/artssutton.com\/en\/wp-json\/wp\/v2\/pages\/756","targetHints":{"allow":["GET"]}}],"collection":[{"href":"https:\/\/artssutton.com\/en\/wp-json\/wp\/v2\/pages"}],"about":[{"href":"https:\/\/artssutton.com\/en\/wp-json\/wp\/v2\/types\/page"}],"author":[{"embeddable":true,"href":"https:\/\/artssutton.com\/en\/wp-json\/wp\/v2\/users\/105"}],"replies":[{"embeddable":true,"href":"https:\/\/artssutton.com\/en\/wp-json\/wp\/v2\/comments?post=756"}],"version-history":[{"count":1,"href":"https:\/\/artssutton.com\/en\/wp-json\/wp\/v2\/pages\/756\/revisions"}],"predecessor-version":[{"id":26539,"href":"https:\/\/artssutton.com\/en\/wp-json\/wp\/v2\/pages\/756\/revisions\/26539"}],"wp:attachment":[{"href":"https:\/\/artssutton.com\/en\/wp-json\/wp\/v2\/media?parent=756"}],"curies":[{"name":"wp","href":"https:\/\/api.w.org\/{rel}","templated":true}]}}