{"id":7366,"date":"2017-11-23T17:11:56","date_gmt":"2017-11-23T22:11:56","guid":{"rendered":"https:\/\/artssutton.com\/fundraising-2017\/"},"modified":"2026-04-22T10:55:43","modified_gmt":"2026-04-22T14:55:43","slug":"fundraising","status":"publish","type":"page","link":"https:\/\/artssutton.com\/en\/gallery\/fundraising\/","title":{"rendered":"Fundraising Campaign"},"content":{"rendered":"\n<h1>\n\t\t\tFundraising Campaign\t<\/h1>\n<h2>\n\t\t\t Help Arts Sutton reach its goal!\t<\/h2>\n<figure itemscope itemtype=\"https:\/\/schema.org\/ImageObject\">\n\t\t\t\t<img decoding=\"async\" src=\"https:\/\/artssutton.com\/wp-content\/uploads\/2026\/04\/AS_MED_INSTA_CAMPAGNE-FIN_ENG-scaled.png\" alt=\"AS_MED_INSTA_CAMPAGNE FIN_ENG\" height=\"2048\" width=\"1152\" title=\"AS_MED_INSTA_CAMPAGNE FIN_ENG\" onerror=\"this.style.display='none'\" loading=\"lazy\" \/>\n\t<\/figure>\n<h4>\n\t\t\tPlease donate what you can. All donations are important\t<\/h4>\n\t\t\t<a href=\"https:\/\/artssutton.com\/en\/gallery\/fundraising\/fundraising-form-2\/\"  target=\"_self\">\n\t\t\t\t\t\t\tMake a donation\n\t\t\t\t\t<\/a>\n\t<p>As you know, over the past 45 years, and with more than 300 members, our non-profit organization has become an irreplaceable hub for the dissemination and exchange of visual arts by local artists, as well as a recognized venue welcoming some of the most prominent professionals in Quebec. Through hundreds of exhibitions, the presentation of several thousand artworks by its member artists, and countless activities, Arts Sutton has established itself as an essential pillar of Sutton&#8217;s cultural life. <\/p>\n<p>And the journey continues: Arts Sutton works closely with the Town of Sutton as well as with the Tour des arts, and is committed to developing an increasing number of projects with other organizations across the region-projects that will inspire you for the next 45 years to come!<\/p>\n\t<p>That is why the Board of Directors hereby invites you to generously contribute to its fundraising campaign, with a goal of raising <strong>$30,000<\/strong>. This amount is essential to help strengthen our organization. It will support, for example, the upgrading of our aging lighting and computer systems. It will also help enhance our payroll, which has been reduced out of necessity in recent years in order to balance our financial situation-since the current 28-hour-per-week coordination position is no longer sufficient to meet all operational needs.   <\/p>\n<p>Today, we are reaching out to ask for your financial support, in any amount you choose. Any contribution will be greatly appreciated. <\/p>\n<p>Arts Sutton, a registered charitable organization, issues tax receipts for donations. We would be delighted to add you to our donors&#8217; and partners&#8217; wall at the gallery and to offer you visibility on our website. <\/p>\n<h2>\n\t\t\tDonor Recognition Program\t<\/h2>\n\t<h3>Major patrons<br \/>\n$1000 and up<\/h3>\n<ul>\n<li>Free Arts Sutton membership<\/li>\n<li>25% discount on artwork at Arts Sutton<\/li>\n<li>Invitations to events and openings<\/li>\n<li>Income tax receipt<\/li>\n<li>Voting right<\/li>\n<\/ul>\n\t<h3>Major donors<br \/>\n$500-$999<\/h3>\n<ul>\n<li>Free Arts Sutton membership<\/li>\n<li>20% discount on artwork at Arts Sutton<\/li>\n<li>Invitations to events and openings<\/li>\n<li>Income tax receipt<\/li>\n<li>Voting right<\/li>\n<\/ul>\n\t<h3>Friends of Arts Sutton<br \/>\n$100-$499<\/h3>\n<ul>\n<li>15% discount on artwork at Arts Sutton<\/li>\n<li>Invitations to events and openings<\/li>\n<li>Income tax receipt<\/li>\n<\/ul>\n\t\t\t<a href=\"https:\/\/artssutton.com\/en\/gallery\/fundraising\/fundraising-form-2\/\"  target=\"_self\">\n\t\t\t\t\t\t\tMake a donation\n\t\t\t\t\t<\/a>\n<h2>\n\t\t\tThank you to all our donors\t<\/h2>\n<h3>\n\t\t\tClaire L\u00e9ger\t<\/h3>\n<h3>\n\t\t\tEstelle Lafontaine\t<\/h3>\n<h3>\n\t\t\tLili De Grandpr\u00e9 <br \/>&amp; David James\t<\/h3>\n<figure itemscope itemtype=\"https:\/\/schema.org\/ImageObject\">\n\t\t\t\t<img decoding=\"async\" src=\"https:\/\/artssutton.com\/wp-content\/uploads\/2026\/01\/Fondation_Townshippers.png\" alt=\"Fondation_Townshippers\" height=\"401\" width=\"1200\" title=\"Fondation_Townshippers\" onerror=\"this.style.display='none'\" loading=\"lazy\" \/>\n\t<\/figure>\n<figure itemscope itemtype=\"https:\/\/schema.org\/ImageObject\">\n\t\t\t\t<img decoding=\"async\" src=\"https:\/\/artssutton.com\/wp-content\/uploads\/2026\/01\/Logo-Louis-Villeneuve.jpg\" alt=\"Logo Louis Villeneuve\" height=\"207\" width=\"1033\" title=\"Logo Louis Villeneuve\" onerror=\"this.style.display='none'\" loading=\"lazy\" \/>\n\t<\/figure>\n<figure itemscope itemtype=\"https:\/\/schema.org\/ImageObject\">\n\t\t\t\t<img decoding=\"async\" src=\"https:\/\/artssutton.com\/wp-content\/uploads\/2026\/01\/Logo-humains-1200X630.png\" alt=\"Logo-humains-1200X630\" height=\"630\" width=\"1200\" title=\"Logo-humains-1200X630\" onerror=\"this.style.display='none'\" loading=\"lazy\" \/>\n\t<\/figure>\n<figure itemscope itemtype=\"https:\/\/schema.org\/ImageObject\">\n\t\t\t\t<img decoding=\"async\" src=\"https:\/\/artssutton.com\/wp-content\/uploads\/2026\/01\/IGA-blanc.jpg\" alt=\"IGA-blanc\" height=\"608\" width=\"1179\" title=\"IGA-blanc\" onerror=\"this.style.display='none'\" loading=\"lazy\" \/>\n\t<\/figure>\n<figure itemscope itemtype=\"https:\/\/schema.org\/ImageObject\">\n\t\t\t\t<img decoding=\"async\" src=\"https:\/\/artssutton.com\/wp-content\/uploads\/2026\/01\/Annie-Racicot-CPA-inc.jpg\" alt=\"Annie-Racicot-CPA-inc.\" height=\"1200\" width=\"1200\" title=\"Annie-Racicot-CPA-inc.\" onerror=\"this.style.display='none'\" loading=\"lazy\" \/>\n\t<\/figure>\n<figure itemscope itemtype=\"https:\/\/schema.org\/ImageObject\">\n\t\t\t\t<img decoding=\"async\" src=\"https:\/\/artssutton.com\/wp-content\/uploads\/2026\/01\/RLP-Excellence-Lifetime-FR-BLACK-300px.png\" alt=\"RLP-Excellence-Lifetime-FR-BLACK-300px\" height=\"225\" width=\"300\" title=\"RLP-Excellence-Lifetime-FR-BLACK-300px\" onerror=\"this.style.display='none'\" loading=\"lazy\" \/>\n\t<\/figure>\n<figure itemscope itemtype=\"https:\/\/schema.org\/ImageObject\">\n\t\t\t\t<img decoding=\"async\" src=\"https:\/\/artssutton.com\/wp-content\/uploads\/2026\/01\/Davignon-logo.jpg\" alt=\"Davignon-logo\" height=\"1178\" width=\"1525\" title=\"Davignon-logo\" onerror=\"this.style.display='none'\" loading=\"lazy\" \/>\n\t<\/figure>\n<figure itemscope itemtype=\"https:\/\/schema.org\/ImageObject\">\n\t\t\t\t<img decoding=\"async\" src=\"https:\/\/artssutton.com\/wp-content\/uploads\/2026\/01\/Kokkaku-Ramen.jpg\" alt=\"Kokkaku-Ramen\" height=\"1582\" width=\"2048\" title=\"Kokkaku-Ramen\" onerror=\"this.style.display='none'\" loading=\"lazy\" \/>\n\t<\/figure>\n<h4>\n\t\t\tSuzel M\u00e9nard\t<\/h4>\n<h4>\n\t\t\tRobert Benoit\t<\/h4>\n<h4>\n\t\t\tEstate of<br \/>Max &amp; Joyce Rapoport\t<\/h4>\n<figure itemscope itemtype=\"https:\/\/schema.org\/ImageObject\">\n\t\t\t\t<img decoding=\"async\" src=\"https:\/\/artssutton.com\/wp-content\/uploads\/2026\/01\/Carte-d_affaires-3.5x2-Isabelle-Charest_2025-web.jpg\" alt=\"Carte-d_affaires-3.5x2-Isabelle-Charest_2025-web\" height=\"686\" width=\"1200\" title=\"Carte-d_affaires-3.5x2-Isabelle-Charest_2025-web\" onerror=\"this.style.display='none'\" loading=\"lazy\" \/>\n\t<\/figure>\n\n","protected":false},"excerpt":{"rendered":"<p>Fundraising Campaign Help Arts Sutton reach its goal! Please donate what you can. All donations are important Make a donation As you know, over the past 45 years, and with more than 300 members, our non-profit organization has become an irreplaceable hub for the dissemination and exchange of visual arts by local artists, as well&hellip;<\/p>\n","protected":false},"author":105,"featured_media":0,"parent":735,"menu_order":0,"comment_status":"closed","ping_status":"closed","template":"","meta":{"_acf_changed":false,"footnotes":""},"class_list":["post-7366","page","type-page","status-publish","hentry"],"acf":[],"yoast_head":"<!-- This site is optimized with the Yoast SEO plugin v27.5 - https:\/\/yoast.com\/product\/yoast-seo-wordpress\/ -->\n<title>Fundraising Campaign - Arts Sutton<\/title>\n<meta name=\"robots\" content=\"index, follow, max-snippet:-1, max-image-preview:large, max-video-preview:-1\" \/>\n<link rel=\"canonical\" href=\"https:\/\/artssutton.com\/en\/gallery\/fundraising\/\" \/>\n<meta property=\"og:locale\" content=\"en_US\" \/>\n<meta property=\"og:type\" content=\"article\" \/>\n<meta property=\"og:title\" content=\"Fundraising Campaign - Arts Sutton\" \/>\n<meta property=\"og:description\" content=\"Fundraising Campaign Help Arts Sutton reach its goal! Please donate what you can. All donations are important Make a donation As you know, over the past 45 years, and with more than 300 members, our non-profit organization has become an irreplaceable hub for the dissemination and exchange of visual arts by local artists, as well&hellip;\" \/>\n<meta property=\"og:url\" content=\"https:\/\/artssutton.com\/en\/gallery\/fundraising\/\" \/>\n<meta property=\"og:site_name\" content=\"Arts Sutton\" \/>\n<meta property=\"article:publisher\" content=\"https:\/\/www.facebook.com\/artsSutton\" \/>\n<meta property=\"article:modified_time\" content=\"2026-04-22T14:55:43+00:00\" \/>\n<meta property=\"og:image\" content=\"https:\/\/artssutton.com\/wp-content\/uploads\/2026\/04\/AS_MED_INSTA_CAMPAGNE-FIN_ENG-scaled.png\" \/>\n<meta name=\"twitter:label1\" content=\"Est. reading time\" \/>\n\t<meta name=\"twitter:data1\" content=\"2 minutes\" \/>\n<script type=\"application\/ld+json\" class=\"yoast-schema-graph\">{\"@context\":\"https:\\\/\\\/schema.org\",\"@graph\":[{\"@type\":\"WebPage\",\"@id\":\"https:\\\/\\\/artssutton.com\\\/en\\\/gallery\\\/fundraising\\\/\",\"url\":\"https:\\\/\\\/artssutton.com\\\/en\\\/gallery\\\/fundraising\\\/\",\"name\":\"Fundraising Campaign - Arts Sutton\",\"isPartOf\":{\"@id\":\"https:\\\/\\\/artssutton.com\\\/en\\\/#website\"},\"primaryImageOfPage\":{\"@id\":\"https:\\\/\\\/artssutton.com\\\/en\\\/gallery\\\/fundraising\\\/#primaryimage\"},\"image\":{\"@id\":\"https:\\\/\\\/artssutton.com\\\/en\\\/gallery\\\/fundraising\\\/#primaryimage\"},\"thumbnailUrl\":\"https:\\\/\\\/artssutton.com\\\/wp-content\\\/uploads\\\/2026\\\/04\\\/AS_MED_INSTA_CAMPAGNE-FIN_ENG-scaled.png\",\"datePublished\":\"2017-11-23T22:11:56+00:00\",\"dateModified\":\"2026-04-22T14:55:43+00:00\",\"breadcrumb\":{\"@id\":\"https:\\\/\\\/artssutton.com\\\/en\\\/gallery\\\/fundraising\\\/#breadcrumb\"},\"inLanguage\":\"en-US\",\"potentialAction\":[{\"@type\":\"ReadAction\",\"target\":[\"https:\\\/\\\/artssutton.com\\\/en\\\/gallery\\\/fundraising\\\/\"]}]},{\"@type\":\"ImageObject\",\"inLanguage\":\"en-US\",\"@id\":\"https:\\\/\\\/artssutton.com\\\/en\\\/gallery\\\/fundraising\\\/#primaryimage\",\"url\":\"https:\\\/\\\/artssutton.com\\\/wp-content\\\/uploads\\\/2026\\\/04\\\/AS_MED_INSTA_CAMPAGNE-FIN_ENG-scaled.png\",\"contentUrl\":\"https:\\\/\\\/artssutton.com\\\/wp-content\\\/uploads\\\/2026\\\/04\\\/AS_MED_INSTA_CAMPAGNE-FIN_ENG-scaled.png\"},{\"@type\":\"BreadcrumbList\",\"@id\":\"https:\\\/\\\/artssutton.com\\\/en\\\/gallery\\\/fundraising\\\/#breadcrumb\",\"itemListElement\":[{\"@type\":\"ListItem\",\"position\":1,\"name\":\"\",\"item\":\"https:\\\/\\\/artssutton.com\\\/en\\\/home\\\/\"},{\"@type\":\"ListItem\",\"position\":2,\"name\":\"The Gallery\",\"item\":\"https:\\\/\\\/artssutton.com\\\/en\\\/gallery\\\/\"},{\"@type\":\"ListItem\",\"position\":3,\"name\":\"Fundraising Campaign\"}]},{\"@type\":\"WebSite\",\"@id\":\"https:\\\/\\\/artssutton.com\\\/en\\\/#website\",\"url\":\"https:\\\/\\\/artssutton.com\\\/en\\\/\",\"name\":\"Arts Sutton\",\"description\":\"Vou\u00e9 \u00e0 la diffusion de la cr\u00e9ation contemporaine en arts visuels\",\"potentialAction\":[{\"@type\":\"SearchAction\",\"target\":{\"@type\":\"EntryPoint\",\"urlTemplate\":\"https:\\\/\\\/artssutton.com\\\/en\\\/?s={search_term_string}\"},\"query-input\":{\"@type\":\"PropertyValueSpecification\",\"valueRequired\":true,\"valueName\":\"search_term_string\"}}],\"inLanguage\":\"en-US\"}]}<\/script>\n<!-- \/ Yoast SEO plugin. -->","yoast_head_json":{"title":"Fundraising Campaign - Arts Sutton","robots":{"index":"index","follow":"follow","max-snippet":"max-snippet:-1","max-image-preview":"max-image-preview:large","max-video-preview":"max-video-preview:-1"},"canonical":"https:\/\/artssutton.com\/en\/gallery\/fundraising\/","og_locale":"en_US","og_type":"article","og_title":"Fundraising Campaign - Arts Sutton","og_description":"Fundraising Campaign Help Arts Sutton reach its goal! Please donate what you can. All donations are important Make a donation As you know, over the past 45 years, and with more than 300 members, our non-profit organization has become an irreplaceable hub for the dissemination and exchange of visual arts by local artists, as well&hellip;","og_url":"https:\/\/artssutton.com\/en\/gallery\/fundraising\/","og_site_name":"Arts Sutton","article_publisher":"https:\/\/www.facebook.com\/artsSutton","article_modified_time":"2026-04-22T14:55:43+00:00","og_image":[{"url":"https:\/\/artssutton.com\/wp-content\/uploads\/2026\/04\/AS_MED_INSTA_CAMPAGNE-FIN_ENG-scaled.png","type":"","width":"","height":""}],"twitter_misc":{"Est. reading time":"2 minutes"},"schema":{"@context":"https:\/\/schema.org","@graph":[{"@type":"WebPage","@id":"https:\/\/artssutton.com\/en\/gallery\/fundraising\/","url":"https:\/\/artssutton.com\/en\/gallery\/fundraising\/","name":"Fundraising Campaign - Arts Sutton","isPartOf":{"@id":"https:\/\/artssutton.com\/en\/#website"},"primaryImageOfPage":{"@id":"https:\/\/artssutton.com\/en\/gallery\/fundraising\/#primaryimage"},"image":{"@id":"https:\/\/artssutton.com\/en\/gallery\/fundraising\/#primaryimage"},"thumbnailUrl":"https:\/\/artssutton.com\/wp-content\/uploads\/2026\/04\/AS_MED_INSTA_CAMPAGNE-FIN_ENG-scaled.png","datePublished":"2017-11-23T22:11:56+00:00","dateModified":"2026-04-22T14:55:43+00:00","breadcrumb":{"@id":"https:\/\/artssutton.com\/en\/gallery\/fundraising\/#breadcrumb"},"inLanguage":"en-US","potentialAction":[{"@type":"ReadAction","target":["https:\/\/artssutton.com\/en\/gallery\/fundraising\/"]}]},{"@type":"ImageObject","inLanguage":"en-US","@id":"https:\/\/artssutton.com\/en\/gallery\/fundraising\/#primaryimage","url":"https:\/\/artssutton.com\/wp-content\/uploads\/2026\/04\/AS_MED_INSTA_CAMPAGNE-FIN_ENG-scaled.png","contentUrl":"https:\/\/artssutton.com\/wp-content\/uploads\/2026\/04\/AS_MED_INSTA_CAMPAGNE-FIN_ENG-scaled.png"},{"@type":"BreadcrumbList","@id":"https:\/\/artssutton.com\/en\/gallery\/fundraising\/#breadcrumb","itemListElement":[{"@type":"ListItem","position":1,"name":"","item":"https:\/\/artssutton.com\/en\/home\/"},{"@type":"ListItem","position":2,"name":"The Gallery","item":"https:\/\/artssutton.com\/en\/gallery\/"},{"@type":"ListItem","position":3,"name":"Fundraising Campaign"}]},{"@type":"WebSite","@id":"https:\/\/artssutton.com\/en\/#website","url":"https:\/\/artssutton.com\/en\/","name":"Arts Sutton","description":"Vou\u00e9 \u00e0 la diffusion de la cr\u00e9ation contemporaine en arts visuels","potentialAction":[{"@type":"SearchAction","target":{"@type":"EntryPoint","urlTemplate":"https:\/\/artssutton.com\/en\/?s={search_term_string}"},"query-input":{"@type":"PropertyValueSpecification","valueRequired":true,"valueName":"search_term_string"}}],"inLanguage":"en-US"}]}},"_links":{"self":[{"href":"https:\/\/artssutton.com\/en\/wp-json\/wp\/v2\/pages\/7366","targetHints":{"allow":["GET"]}}],"collection":[{"href":"https:\/\/artssutton.com\/en\/wp-json\/wp\/v2\/pages"}],"about":[{"href":"https:\/\/artssutton.com\/en\/wp-json\/wp\/v2\/types\/page"}],"author":[{"embeddable":true,"href":"https:\/\/artssutton.com\/en\/wp-json\/wp\/v2\/users\/105"}],"replies":[{"embeddable":true,"href":"https:\/\/artssutton.com\/en\/wp-json\/wp\/v2\/comments?post=7366"}],"version-history":[{"count":7,"href":"https:\/\/artssutton.com\/en\/wp-json\/wp\/v2\/pages\/7366\/revisions"}],"predecessor-version":[{"id":27859,"href":"https:\/\/artssutton.com\/en\/wp-json\/wp\/v2\/pages\/7366\/revisions\/27859"}],"up":[{"embeddable":true,"href":"https:\/\/artssutton.com\/en\/wp-json\/wp\/v2\/pages\/735"}],"wp:attachment":[{"href":"https:\/\/artssutton.com\/en\/wp-json\/wp\/v2\/media?parent=7366"}],"curies":[{"name":"wp","href":"https:\/\/api.w.org\/{rel}","templated":true}]}}