{"id":718,"date":"2015-04-28T17:27:16","date_gmt":"2015-04-28T17:27:16","guid":{"rendered":"https:\/\/artssutton.com\/expositions-2\/"},"modified":"2025-08-24T09:49:35","modified_gmt":"2025-08-24T13:49:35","slug":"exhibitions","status":"publish","type":"page","link":"https:\/\/artssutton.com\/en\/exhibitions\/","title":{"rendered":"Exhibitions"},"content":{"rendered":"\n<h1>\n\t\t\tDiscover our exhibitions!\t<\/h1>\n\t<p>Founded in 1980, Arts Sutton is registered charity and a venue dedicated to broadcasting contemporary creation in the visual arts in all its richness and variety.<\/p>\n\t\t<h2><a href=\"https:\/\/artssutton.com\/en\/exhibitions\/programming\/\" target=\"_self\">Programming<\/a><\/h2><p>As a general rule, Arts Sutton&#8217;s solo exhibitions will focus on three specific themes: <strong>society, space and territory<\/strong>. These themes must be understood in their broadest artistic sense: what they inspire, what they evoke, what they provoke, whether imaginary or real. Each of the six (6) exhibitions will last six (6) weeks.  <\/p>\n\t\t\t<a href=\"https:\/\/artssutton.com\/en\/exhibitions\/programming\/\" target=\"_self\">\n\t\t\t\t\t\t\tConsult our program\n\t\t\t\t\t<\/a>\n\t<ul>\n\t\t<li  data-children-wrapper=\"true\"><\/li>\t<\/ul>\n<h2>\n\t\t\tCurrent Exhibition\t<\/h2>\n\n\n<h4>\n\t\t\tFrom  to \t<\/h4>\n\t\t\t<a href=\"\" target=\"_self\">\n\t\t\t\t\t\t\tRead more\n\t\t\t\t\t<\/a>\n\t\t\t\t<img decoding=\"async\" src=\"https:\/\/artssutton.com\/wp-content\/plugins\/bb-plugin\/img\/pixel.png\" alt=\"\" itemprop=\"image\" onerror=\"this.style.display='none'\" loading=\"lazy\" \/>\n\t<ul>\n\t\t<li  data-children-wrapper=\"true\"><\/li>\t<\/ul>\n<h2>\n\t\t\tUpcoming Exhibition\t<\/h2>\n\n\n<h4>\n\t\t\tFrom  to \t<\/h4>\n\t\t\t<a href=\"\" target=\"_self\">\n\t\t\t\t\t\t\tRead more\n\t\t\t\t\t<\/a>\n\t\t\t\t<img decoding=\"async\" src=\"https:\/\/artssutton.com\/wp-content\/plugins\/bb-plugin\/img\/pixel.png\" alt=\"\" itemprop=\"image\" onerror=\"this.style.display='none'\" loading=\"lazy\" \/>\n\t\t<h2><a href=\"https:\/\/artssutton.com\/en\/exhibitions\/programming\/#espacecl\" target=\"_self\">Espace Claire-L\u00e9ger<\/a><\/h2><p>The Arts Sutton Art Center reserves this space exclusively for exhibiting works by its member artists, along with an exhibition featuring the winner of the previous year&#8217;s exhibition competition.<\/p>\n\t\t\t<a href=\"https:\/\/artssutton.com\/en\/exhibitions\/programming\/#espacecl\" target=\"_self\">\n\t\t\t\t\t\t\tMeet the artists\n\t\t\t\t\t<\/a>\n\t\t\t\t<a href=\"https:\/\/artssutton.com\/en\/exhibitions\/programming\/#espacecl\"  target=\"_self\" itemprop=\"url\">\n\t\t\t\t<img decoding=\"async\" src=\"https:\/\/artssutton.com\/wp-content\/uploads\/2017\/09\/Slider2000x800_2017-ECL3.jpg\" alt=\"\" itemprop=\"image\" onerror=\"this.style.display='none'\" loading=\"lazy\" \/>\n\t\t\t\t<\/a>\n\t<h2>You would like to show your work &#8230;<\/h2>\n<p>We invite you to read the detailed information and complete the registration forms during the call periods. Consult our <a href=\"hhttps:\/\/artssutton.com\/en\/call-for-projects\/\">call for projects<\/a> and the exhibition space <a href=\"https:\/\/artssutton.com\/wp-content\/uploads\/2016\/12\/Plan-de-la-galerie.jpg\" target=\"_blank\" rel=\"noopener noreferrer\">plan<\/a>. <\/p>\n<h3>\n\t\t\tVous n&#8217;\u00eates pas un membre artiste du centre d&#8217;Arts Sutton ?\t<\/h3>\n\t\t\t<a href=\"https:\/\/artssutton.com\/galerie\/adhesion\/\" target=\"_self\">\n\t\t\t\t\t\t\tDevenez membre d&#8217;Arts Sutton!\n\t\t\t\t\t<\/a>\n\n","protected":false},"excerpt":{"rendered":"<p>Discover our exhibitions! Founded in 1980, Arts Sutton is registered charity and a venue dedicated to broadcasting contemporary creation in the visual arts in all its richness and variety. Programming As a general rule, Arts Sutton&#8217;s solo exhibitions will focus on three specific themes: society, space and territory. These themes must be understood in their&hellip;<\/p>\n","protected":false},"author":105,"featured_media":0,"parent":0,"menu_order":1000,"comment_status":"closed","ping_status":"closed","template":"","meta":{"_acf_changed":false,"footnotes":""},"class_list":["post-718","page","type-page","status-publish","hentry"],"acf":[],"yoast_head":"<!-- This site is optimized with the Yoast SEO plugin v27.4 - https:\/\/yoast.com\/product\/yoast-seo-wordpress\/ -->\n<title>Exhibitions - Arts Sutton<\/title>\n<meta name=\"robots\" content=\"index, follow, max-snippet:-1, max-image-preview:large, max-video-preview:-1\" \/>\n<link rel=\"canonical\" href=\"https:\/\/artssutton.com\/en\/exhibitions\/\" \/>\n<meta property=\"og:locale\" content=\"en_US\" \/>\n<meta property=\"og:type\" content=\"article\" \/>\n<meta property=\"og:title\" content=\"Exhibitions - Arts Sutton\" \/>\n<meta property=\"og:description\" content=\"Discover our exhibitions! Founded in 1980, Arts Sutton is registered charity and a venue dedicated to broadcasting contemporary creation in the visual arts in all its richness and variety. Programming As a general rule, Arts Sutton&#8217;s solo exhibitions will focus on three specific themes: society, space and territory. These themes must be understood in their&hellip;\" \/>\n<meta property=\"og:url\" content=\"https:\/\/artssutton.com\/en\/exhibitions\/\" \/>\n<meta property=\"og:site_name\" content=\"Arts Sutton\" \/>\n<meta property=\"article:publisher\" content=\"https:\/\/www.facebook.com\/artsSutton\" \/>\n<meta property=\"article:modified_time\" content=\"2025-08-24T13:49:35+00:00\" \/>\n<meta property=\"og:image\" content=\"https:\/\/artssutton.com\/wp-content\/plugins\/bb-plugin\/img\/pixel.png\" \/>\n<meta name=\"twitter:label1\" content=\"Est. reading time\" \/>\n\t<meta name=\"twitter:data1\" content=\"2 minutes\" \/>\n<script type=\"application\/ld+json\" class=\"yoast-schema-graph\">{\"@context\":\"https:\\\/\\\/schema.org\",\"@graph\":[{\"@type\":\"WebPage\",\"@id\":\"https:\\\/\\\/artssutton.com\\\/en\\\/exhibitions\\\/\",\"url\":\"https:\\\/\\\/artssutton.com\\\/en\\\/exhibitions\\\/\",\"name\":\"Exhibitions - Arts Sutton\",\"isPartOf\":{\"@id\":\"https:\\\/\\\/artssutton.com\\\/en\\\/#website\"},\"primaryImageOfPage\":{\"@id\":\"https:\\\/\\\/artssutton.com\\\/en\\\/exhibitions\\\/#primaryimage\"},\"image\":{\"@id\":\"https:\\\/\\\/artssutton.com\\\/en\\\/exhibitions\\\/#primaryimage\"},\"thumbnailUrl\":\"https:\\\/\\\/artssutton.com\\\/wp-content\\\/plugins\\\/bb-plugin\\\/img\\\/pixel.png\",\"datePublished\":\"2015-04-28T17:27:16+00:00\",\"dateModified\":\"2025-08-24T13:49:35+00:00\",\"breadcrumb\":{\"@id\":\"https:\\\/\\\/artssutton.com\\\/en\\\/exhibitions\\\/#breadcrumb\"},\"inLanguage\":\"en-US\",\"potentialAction\":[{\"@type\":\"ReadAction\",\"target\":[\"https:\\\/\\\/artssutton.com\\\/en\\\/exhibitions\\\/\"]}]},{\"@type\":\"ImageObject\",\"inLanguage\":\"en-US\",\"@id\":\"https:\\\/\\\/artssutton.com\\\/en\\\/exhibitions\\\/#primaryimage\",\"url\":\"https:\\\/\\\/artssutton.com\\\/wp-content\\\/plugins\\\/bb-plugin\\\/img\\\/pixel.png\",\"contentUrl\":\"https:\\\/\\\/artssutton.com\\\/wp-content\\\/plugins\\\/bb-plugin\\\/img\\\/pixel.png\"},{\"@type\":\"BreadcrumbList\",\"@id\":\"https:\\\/\\\/artssutton.com\\\/en\\\/exhibitions\\\/#breadcrumb\",\"itemListElement\":[{\"@type\":\"ListItem\",\"position\":1,\"name\":\"\",\"item\":\"https:\\\/\\\/artssutton.com\\\/en\\\/home\\\/\"},{\"@type\":\"ListItem\",\"position\":2,\"name\":\"Exhibitions\"}]},{\"@type\":\"WebSite\",\"@id\":\"https:\\\/\\\/artssutton.com\\\/en\\\/#website\",\"url\":\"https:\\\/\\\/artssutton.com\\\/en\\\/\",\"name\":\"Arts Sutton\",\"description\":\"Vou\u00e9 \u00e0 la diffusion de la cr\u00e9ation contemporaine en arts visuels\",\"potentialAction\":[{\"@type\":\"SearchAction\",\"target\":{\"@type\":\"EntryPoint\",\"urlTemplate\":\"https:\\\/\\\/artssutton.com\\\/en\\\/?s={search_term_string}\"},\"query-input\":{\"@type\":\"PropertyValueSpecification\",\"valueRequired\":true,\"valueName\":\"search_term_string\"}}],\"inLanguage\":\"en-US\"}]}<\/script>\n<!-- \/ Yoast SEO plugin. -->","yoast_head_json":{"title":"Exhibitions - Arts Sutton","robots":{"index":"index","follow":"follow","max-snippet":"max-snippet:-1","max-image-preview":"max-image-preview:large","max-video-preview":"max-video-preview:-1"},"canonical":"https:\/\/artssutton.com\/en\/exhibitions\/","og_locale":"en_US","og_type":"article","og_title":"Exhibitions - Arts Sutton","og_description":"Discover our exhibitions! Founded in 1980, Arts Sutton is registered charity and a venue dedicated to broadcasting contemporary creation in the visual arts in all its richness and variety. Programming As a general rule, Arts Sutton&#8217;s solo exhibitions will focus on three specific themes: society, space and territory. These themes must be understood in their&hellip;","og_url":"https:\/\/artssutton.com\/en\/exhibitions\/","og_site_name":"Arts Sutton","article_publisher":"https:\/\/www.facebook.com\/artsSutton","article_modified_time":"2025-08-24T13:49:35+00:00","og_image":[{"url":"https:\/\/artssutton.com\/wp-content\/plugins\/bb-plugin\/img\/pixel.png","type":"","width":"","height":""}],"twitter_misc":{"Est. reading time":"2 minutes"},"schema":{"@context":"https:\/\/schema.org","@graph":[{"@type":"WebPage","@id":"https:\/\/artssutton.com\/en\/exhibitions\/","url":"https:\/\/artssutton.com\/en\/exhibitions\/","name":"Exhibitions - Arts Sutton","isPartOf":{"@id":"https:\/\/artssutton.com\/en\/#website"},"primaryImageOfPage":{"@id":"https:\/\/artssutton.com\/en\/exhibitions\/#primaryimage"},"image":{"@id":"https:\/\/artssutton.com\/en\/exhibitions\/#primaryimage"},"thumbnailUrl":"https:\/\/artssutton.com\/wp-content\/plugins\/bb-plugin\/img\/pixel.png","datePublished":"2015-04-28T17:27:16+00:00","dateModified":"2025-08-24T13:49:35+00:00","breadcrumb":{"@id":"https:\/\/artssutton.com\/en\/exhibitions\/#breadcrumb"},"inLanguage":"en-US","potentialAction":[{"@type":"ReadAction","target":["https:\/\/artssutton.com\/en\/exhibitions\/"]}]},{"@type":"ImageObject","inLanguage":"en-US","@id":"https:\/\/artssutton.com\/en\/exhibitions\/#primaryimage","url":"https:\/\/artssutton.com\/wp-content\/plugins\/bb-plugin\/img\/pixel.png","contentUrl":"https:\/\/artssutton.com\/wp-content\/plugins\/bb-plugin\/img\/pixel.png"},{"@type":"BreadcrumbList","@id":"https:\/\/artssutton.com\/en\/exhibitions\/#breadcrumb","itemListElement":[{"@type":"ListItem","position":1,"name":"","item":"https:\/\/artssutton.com\/en\/home\/"},{"@type":"ListItem","position":2,"name":"Exhibitions"}]},{"@type":"WebSite","@id":"https:\/\/artssutton.com\/en\/#website","url":"https:\/\/artssutton.com\/en\/","name":"Arts Sutton","description":"Vou\u00e9 \u00e0 la diffusion de la cr\u00e9ation contemporaine en arts visuels","potentialAction":[{"@type":"SearchAction","target":{"@type":"EntryPoint","urlTemplate":"https:\/\/artssutton.com\/en\/?s={search_term_string}"},"query-input":{"@type":"PropertyValueSpecification","valueRequired":true,"valueName":"search_term_string"}}],"inLanguage":"en-US"}]}},"_links":{"self":[{"href":"https:\/\/artssutton.com\/en\/wp-json\/wp\/v2\/pages\/718","targetHints":{"allow":["GET"]}}],"collection":[{"href":"https:\/\/artssutton.com\/en\/wp-json\/wp\/v2\/pages"}],"about":[{"href":"https:\/\/artssutton.com\/en\/wp-json\/wp\/v2\/types\/page"}],"author":[{"embeddable":true,"href":"https:\/\/artssutton.com\/en\/wp-json\/wp\/v2\/users\/105"}],"replies":[{"embeddable":true,"href":"https:\/\/artssutton.com\/en\/wp-json\/wp\/v2\/comments?post=718"}],"version-history":[{"count":4,"href":"https:\/\/artssutton.com\/en\/wp-json\/wp\/v2\/pages\/718\/revisions"}],"predecessor-version":[{"id":26455,"href":"https:\/\/artssutton.com\/en\/wp-json\/wp\/v2\/pages\/718\/revisions\/26455"}],"wp:attachment":[{"href":"https:\/\/artssutton.com\/en\/wp-json\/wp\/v2\/media?parent=718"}],"curies":[{"name":"wp","href":"https:\/\/api.w.org\/{rel}","templated":true}]}}