{"id":4751,"date":"2016-12-20T17:42:42","date_gmt":"2016-12-20T22:42:42","guid":{"rendered":"http:\/\/staging.artssutton.192.168.50.195.xip.io\/?page_id=4751\/"},"modified":"2026-01-22T15:28:14","modified_gmt":"2026-01-22T20:28:14","slug":"call-for-projects-application","status":"publish","type":"page","link":"https:\/\/artssutton.com\/en\/call-for-projects\/call-for-projects-application\/","title":{"rendered":"Programming"},"content":{"rendered":"\n<h1>\n\t\t\tProgramming 2026\t<\/h1>\n<h2>\n\t\t\tCall for Projects Application 2026\t<\/h2>\n\t<h3>Regular Program with Selection by External Jury of Peers<\/h3>\n<p>&nbsp;<\/p>\n<p>Founded in 1980, Arts-Sutton inc. is a registered charity devoted to the dissemination of contemporary, current and visual artworks.<\/p>\n<p><!-- >In 2020, Arts Sutton's solo exhibitions will focus on three specific themes: <strong>society, space and territory<\/strong>. These themes must be understood in their broadest artistic sense: what they inspire, what they evoke, what they provoke, whether imaginary or real. These three themes can be intertwined, fitted one inside the other, treated concurrently or separately.--><\/p>\n<p>All professional artists, young up-and-coming creators, and agents from all areas that are interested in displaying their art at the Gallery are invited to fill out the form and return it to us when we will begin accepting applications <strong>from April 2nd until July 1st, 2025 at 11:59 pm<\/strong>. Once the committee has come to a decision, an email will be sent out to the applicants.<\/p>\n<p>&nbsp;<\/p>\n<p>The exhibit space is 33 linear metres. (<a href=\"https:\/\/artssutton.com\/wp-content\/uploads\/2016\/12\/Plan-de-la-galerie.jpg\" target=\"_blank\" rel=\"noopener noreferrer\">See floor plan<\/a>)<\/p>\n<p>&nbsp;<\/p>\n<p>Each of the six (6) exhibitions will last five (5) to seven (7) weeks. Artwork cannot have been displayed at Arts Sutton during the past two years.<\/p>\n<p>&nbsp;<\/p>\n<p><u>IMPORTANT: BEFORE FILLING YOUR APPLICATION FORM<\/u><\/p>\n<p>&nbsp;<\/p>\n<p>For our records, please send us ten (10) photos of your artistic work. (<strong>JPG File, minimum of 1200 pixels in width, max 2MB<\/strong>). The images are uploaded from the form. Please follow the instructions to identify your images and the proper size format:<\/p>\n<p>&nbsp;<\/p>\n<ul>\n<li>\n<ul>\n<li>File names must respect Web nomenclature:\n<ul>\n<li><b>Allowed characters<\/b> are the 26 letters of the alphabet, the numerals (0, 1, 2, &#8230;, 9), the dot (.), the underscore (_) and the hyphen (-).<\/li>\n<li>File names<b> <u>must not contain<\/u><\/b> special characters, accented characters, and no space. Some special characters (apostrophe, quotation marks, parenthesis, etc.) prevent the proper upload of your file.<\/li>\n<\/ul>\n&nbsp;<\/li>\n<\/ul>\n<\/li>\n<\/ul>\n<p>&nbsp;<\/p>\n\t\t\t<a href=\"https:\/\/artssutton.com\/en\/call-for-projects\/call-for-projects-application\/application-form\/\"  target=\"_self\">\n\t\t\t\t\t\t CALL FOR PROJECTS APPLICATION &#8211; 2026 PROGRAMMING\n\t\t\t\t\t<\/a>\n<h3>\n\t\t\tVous n&#8217;\u00eates pas un membre artiste du centre d&#8217;Arts Sutton ?\t<\/h3>\n\t\t\t<a href=\"https:\/\/artssutton.com\/galerie\/adhesion\/\"  target=\"_self\">\n\t\t\t\t\t\t\tDevenez membre d&#8217;Arts Sutton!\n\t\t\t\t\t<\/a>\n\n","protected":false},"excerpt":{"rendered":"<p>Programming 2026 Call for Projects Application 2026 Regular Program with Selection by External Jury of Peers &nbsp; Founded in 1980, Arts-Sutton inc. is a registered charity devoted to the dissemination of contemporary, current and visual artworks. All professional artists, young up-and-coming creators, and agents from all areas that are interested in displaying their art at&hellip;<\/p>\n","protected":false},"author":105,"featured_media":0,"parent":158,"menu_order":2500,"comment_status":"closed","ping_status":"closed","template":"","meta":{"_acf_changed":false,"footnotes":""},"class_list":["post-4751","page","type-page","status-publish","hentry"],"acf":[],"yoast_head":"<!-- This site is optimized with the Yoast SEO plugin v27.4 - https:\/\/yoast.com\/product\/yoast-seo-wordpress\/ -->\n<title>Programming - Arts Sutton<\/title>\n<meta name=\"robots\" content=\"index, follow, max-snippet:-1, max-image-preview:large, max-video-preview:-1\" \/>\n<link rel=\"canonical\" href=\"https:\/\/artssutton.com\/en\/call-for-projects\/call-for-projects-application\/\" \/>\n<meta property=\"og:locale\" content=\"en_US\" \/>\n<meta property=\"og:type\" content=\"article\" \/>\n<meta property=\"og:title\" content=\"Programming - Arts Sutton\" \/>\n<meta property=\"og:description\" content=\"Programming 2026 Call for Projects Application 2026 Regular Program with Selection by External Jury of Peers &nbsp; Founded in 1980, Arts-Sutton inc. is a registered charity devoted to the dissemination of contemporary, current and visual artworks. All professional artists, young up-and-coming creators, and agents from all areas that are interested in displaying their art at&hellip;\" \/>\n<meta property=\"og:url\" content=\"https:\/\/artssutton.com\/en\/call-for-projects\/call-for-projects-application\/\" \/>\n<meta property=\"og:site_name\" content=\"Arts Sutton\" \/>\n<meta property=\"article:publisher\" content=\"https:\/\/www.facebook.com\/artsSutton\" \/>\n<meta property=\"article:modified_time\" content=\"2026-01-22T20:28:14+00:00\" \/>\n<meta property=\"og:image\" content=\"https:\/\/artssutton.com\/wp-content\/uploads\/2024\/02\/Appel-dossiers-2025-800-300x300.jpg\" \/>\n<meta name=\"twitter:label1\" content=\"Est. reading time\" \/>\n\t<meta name=\"twitter:data1\" content=\"2 minutes\" \/>\n<script type=\"application\/ld+json\" class=\"yoast-schema-graph\">{\"@context\":\"https:\\\/\\\/schema.org\",\"@graph\":[{\"@type\":\"WebPage\",\"@id\":\"https:\\\/\\\/artssutton.com\\\/en\\\/call-for-projects\\\/call-for-projects-application\\\/\",\"url\":\"https:\\\/\\\/artssutton.com\\\/en\\\/call-for-projects\\\/call-for-projects-application\\\/\",\"name\":\"Programming - Arts Sutton\",\"isPartOf\":{\"@id\":\"https:\\\/\\\/artssutton.com\\\/en\\\/#website\"},\"datePublished\":\"2016-12-20T22:42:42+00:00\",\"dateModified\":\"2026-01-22T20:28:14+00:00\",\"breadcrumb\":{\"@id\":\"https:\\\/\\\/artssutton.com\\\/en\\\/call-for-projects\\\/call-for-projects-application\\\/#breadcrumb\"},\"inLanguage\":\"en-US\",\"potentialAction\":[{\"@type\":\"ReadAction\",\"target\":[\"https:\\\/\\\/artssutton.com\\\/en\\\/call-for-projects\\\/call-for-projects-application\\\/\"]}]},{\"@type\":\"BreadcrumbList\",\"@id\":\"https:\\\/\\\/artssutton.com\\\/en\\\/call-for-projects\\\/call-for-projects-application\\\/#breadcrumb\",\"itemListElement\":[{\"@type\":\"ListItem\",\"position\":1,\"name\":\"\",\"item\":\"https:\\\/\\\/artssutton.com\\\/en\\\/home\\\/\"},{\"@type\":\"ListItem\",\"position\":2,\"name\":\"Call for Projects\",\"item\":\"https:\\\/\\\/artssutton.com\\\/en\\\/call-for-projects\\\/\"},{\"@type\":\"ListItem\",\"position\":3,\"name\":\"Programming\"}]},{\"@type\":\"WebSite\",\"@id\":\"https:\\\/\\\/artssutton.com\\\/en\\\/#website\",\"url\":\"https:\\\/\\\/artssutton.com\\\/en\\\/\",\"name\":\"Arts Sutton\",\"description\":\"Vou\u00e9 \u00e0 la diffusion de la cr\u00e9ation contemporaine en arts visuels\",\"potentialAction\":[{\"@type\":\"SearchAction\",\"target\":{\"@type\":\"EntryPoint\",\"urlTemplate\":\"https:\\\/\\\/artssutton.com\\\/en\\\/?s={search_term_string}\"},\"query-input\":{\"@type\":\"PropertyValueSpecification\",\"valueRequired\":true,\"valueName\":\"search_term_string\"}}],\"inLanguage\":\"en-US\"}]}<\/script>\n<!-- \/ Yoast SEO plugin. -->","yoast_head_json":{"title":"Programming - Arts Sutton","robots":{"index":"index","follow":"follow","max-snippet":"max-snippet:-1","max-image-preview":"max-image-preview:large","max-video-preview":"max-video-preview:-1"},"canonical":"https:\/\/artssutton.com\/en\/call-for-projects\/call-for-projects-application\/","og_locale":"en_US","og_type":"article","og_title":"Programming - Arts Sutton","og_description":"Programming 2026 Call for Projects Application 2026 Regular Program with Selection by External Jury of Peers &nbsp; Founded in 1980, Arts-Sutton inc. is a registered charity devoted to the dissemination of contemporary, current and visual artworks. All professional artists, young up-and-coming creators, and agents from all areas that are interested in displaying their art at&hellip;","og_url":"https:\/\/artssutton.com\/en\/call-for-projects\/call-for-projects-application\/","og_site_name":"Arts Sutton","article_publisher":"https:\/\/www.facebook.com\/artsSutton","article_modified_time":"2026-01-22T20:28:14+00:00","og_image":[{"url":"https:\/\/artssutton.com\/wp-content\/uploads\/2024\/02\/Appel-dossiers-2025-800-300x300.jpg","type":"","width":"","height":""}],"twitter_misc":{"Est. reading time":"2 minutes"},"schema":{"@context":"https:\/\/schema.org","@graph":[{"@type":"WebPage","@id":"https:\/\/artssutton.com\/en\/call-for-projects\/call-for-projects-application\/","url":"https:\/\/artssutton.com\/en\/call-for-projects\/call-for-projects-application\/","name":"Programming - Arts Sutton","isPartOf":{"@id":"https:\/\/artssutton.com\/en\/#website"},"datePublished":"2016-12-20T22:42:42+00:00","dateModified":"2026-01-22T20:28:14+00:00","breadcrumb":{"@id":"https:\/\/artssutton.com\/en\/call-for-projects\/call-for-projects-application\/#breadcrumb"},"inLanguage":"en-US","potentialAction":[{"@type":"ReadAction","target":["https:\/\/artssutton.com\/en\/call-for-projects\/call-for-projects-application\/"]}]},{"@type":"BreadcrumbList","@id":"https:\/\/artssutton.com\/en\/call-for-projects\/call-for-projects-application\/#breadcrumb","itemListElement":[{"@type":"ListItem","position":1,"name":"","item":"https:\/\/artssutton.com\/en\/home\/"},{"@type":"ListItem","position":2,"name":"Call for Projects","item":"https:\/\/artssutton.com\/en\/call-for-projects\/"},{"@type":"ListItem","position":3,"name":"Programming"}]},{"@type":"WebSite","@id":"https:\/\/artssutton.com\/en\/#website","url":"https:\/\/artssutton.com\/en\/","name":"Arts Sutton","description":"Vou\u00e9 \u00e0 la diffusion de la cr\u00e9ation contemporaine en arts visuels","potentialAction":[{"@type":"SearchAction","target":{"@type":"EntryPoint","urlTemplate":"https:\/\/artssutton.com\/en\/?s={search_term_string}"},"query-input":{"@type":"PropertyValueSpecification","valueRequired":true,"valueName":"search_term_string"}}],"inLanguage":"en-US"}]}},"_links":{"self":[{"href":"https:\/\/artssutton.com\/en\/wp-json\/wp\/v2\/pages\/4751","targetHints":{"allow":["GET"]}}],"collection":[{"href":"https:\/\/artssutton.com\/en\/wp-json\/wp\/v2\/pages"}],"about":[{"href":"https:\/\/artssutton.com\/en\/wp-json\/wp\/v2\/types\/page"}],"author":[{"embeddable":true,"href":"https:\/\/artssutton.com\/en\/wp-json\/wp\/v2\/users\/105"}],"replies":[{"embeddable":true,"href":"https:\/\/artssutton.com\/en\/wp-json\/wp\/v2\/comments?post=4751"}],"version-history":[{"count":1,"href":"https:\/\/artssutton.com\/en\/wp-json\/wp\/v2\/pages\/4751\/revisions"}],"predecessor-version":[{"id":27509,"href":"https:\/\/artssutton.com\/en\/wp-json\/wp\/v2\/pages\/4751\/revisions\/27509"}],"up":[{"embeddable":true,"href":"https:\/\/artssutton.com\/en\/wp-json\/wp\/v2\/pages\/158"}],"wp:attachment":[{"href":"https:\/\/artssutton.com\/en\/wp-json\/wp\/v2\/media?parent=4751"}],"curies":[{"name":"wp","href":"https:\/\/api.w.org\/{rel}","templated":true}]}}