{"id":3461,"date":"2016-07-27T15:44:51","date_gmt":"2016-07-27T19:44:51","guid":{"rendered":"https:\/\/artssutton.com\/en\/?page_id=3461"},"modified":"2026-02-11T11:04:45","modified_gmt":"2026-02-11T16:04:45","slug":"membership","status":"publish","type":"page","link":"https:\/\/artssutton.com\/en\/gallery\/membership\/","title":{"rendered":"Membership"},"content":{"rendered":"\n<h1>\n\t\t\tBecome a member\t<\/h1>\n\t<p>Being a member of the Arts Sutton Art Centre is supporting the promotion and dissemination of contemporary art, contribute to the maintenance service of the gallery with the artists and the general population , encourage the development of artistic projects.<\/p>\n<p><strong>All our members are entitled to the following benefits:<\/strong><\/p>\n<ul>\n<li>Voting at the Annual General Meeting<\/li>\n<li>personal invitation by e-mail to all events ( exhibitions, openings, conferences, etc.) organized by Arts Sutton<\/li>\n<li>10% discount on the purchase of works at the gallery<\/li>\n<li>reductions of 10% at Encadrement Sutton<\/li>\n<\/ul>\n<p><strong>Our artist members are entitled to all the benefits above, plus:<\/strong><\/p>\n<ul>\n<li>participation in two annual group exhibitions<\/li>\n<li>opportunity to exhibit in our gallery-boutique<\/li>\n<li>visibility on the <a href=\"https:\/\/artssutton.com\/en\/gallery\/artists-members\/\">Artists Members<\/a> page on our website\n<ul>\n<li>After confirmation of your registration, please send us one\u00a0image of your works (JPG file, minimum of 1200 pixels in width), title, year, medium and size\u00a0in cm (height x width).<\/li>\n<\/ul>\n<\/li>\n<\/ul>\n<p>A commission of 35% is retained on the sale of the artworks<\/p>\n<h2>Join Arts Sutton !<\/h2>\n\t<h4>INDIVIDUAL MEMBER<\/h4>\n<p>$60 per year<\/p>\n<p>For one person<\/p>\n\t<h4>FAMILY MEMBER<\/h4>\n<p>$80\u00a0per year<\/p>\n<p>For 2 adults and children under 18<\/p>\n\t\t\t<a href=\"https:\/\/artssutton.com\/en\/gallery\/membership\/membership-form\/\" target=\"_self\">\n\t\t\t\t\t\t\tBecome a member\n\t\t\t\t\t<\/a>\n\n","protected":false},"excerpt":{"rendered":"<p>Become a member Being a member of the Arts Sutton Art Centre is supporting the promotion and dissemination of contemporary art, contribute to the maintenance service of the gallery with the artists and the general population , encourage the development of artistic projects. All our members are entitled to the following benefits: Voting at the&hellip;<\/p>\n","protected":false},"author":105,"featured_media":0,"parent":735,"menu_order":324,"comment_status":"closed","ping_status":"closed","template":"","meta":{"_acf_changed":false,"footnotes":""},"class_list":["post-3461","page","type-page","status-publish","hentry"],"acf":[],"yoast_head":"<!-- This site is optimized with the Yoast SEO plugin v27.4 - https:\/\/yoast.com\/product\/yoast-seo-wordpress\/ -->\n<title>Join the Arts Sutton Art Centre<\/title>\n<meta name=\"description\" content=\"Being a member of the Arts Sutton is supporting the promotion and dissemination of contemporary art, contribute to the maintenance service of the art centre and encourage the development of artistic projects.\" \/>\n<meta name=\"robots\" content=\"index, follow, max-snippet:-1, max-image-preview:large, max-video-preview:-1\" \/>\n<link rel=\"canonical\" href=\"https:\/\/artssutton.com\/en\/gallery\/membership\/\" \/>\n<meta property=\"og:locale\" content=\"en_US\" \/>\n<meta property=\"og:type\" content=\"article\" \/>\n<meta property=\"og:title\" content=\"Become a member of Arts Sutton\" \/>\n<meta property=\"og:description\" content=\"Being a member of the Arts Sutton is supporting the promotion and dissemination of contemporary art, contribute to the maintenance service of the art centre with the artists and the general population, encourage the development of artistic projects.\" \/>\n<meta property=\"og:url\" content=\"https:\/\/artssutton.com\/en\/gallery\/membership\/\" \/>\n<meta property=\"og:site_name\" content=\"Arts Sutton\" \/>\n<meta property=\"article:publisher\" content=\"https:\/\/www.facebook.com\/artsSutton\" \/>\n<meta property=\"article:modified_time\" content=\"2026-02-11T16:04:45+00:00\" \/>\n<meta property=\"og:image\" content=\"https:\/\/artssutton.com\/wp-content\/uploads\/2015\/09\/Logo_AS_Facebook.png\" \/>\n\t<meta property=\"og:image:width\" content=\"1200\" \/>\n\t<meta property=\"og:image:height\" content=\"628\" \/>\n\t<meta property=\"og:image:type\" content=\"image\/png\" \/>\n<meta name=\"twitter:label1\" content=\"Est. reading time\" \/>\n\t<meta name=\"twitter:data1\" content=\"1 minute\" \/>\n<script type=\"application\/ld+json\" class=\"yoast-schema-graph\">{\"@context\":\"https:\\\/\\\/schema.org\",\"@graph\":[{\"@type\":\"WebPage\",\"@id\":\"https:\\\/\\\/artssutton.com\\\/en\\\/gallery\\\/membership\\\/\",\"url\":\"https:\\\/\\\/artssutton.com\\\/en\\\/gallery\\\/membership\\\/\",\"name\":\"Join the Arts Sutton Art Centre\",\"isPartOf\":{\"@id\":\"https:\\\/\\\/artssutton.com\\\/en\\\/#website\"},\"datePublished\":\"2016-07-27T19:44:51+00:00\",\"dateModified\":\"2026-02-11T16:04:45+00:00\",\"description\":\"Being a member of the Arts Sutton is supporting the promotion and dissemination of contemporary art, contribute to the maintenance service of the art centre and encourage the development of artistic projects.\",\"breadcrumb\":{\"@id\":\"https:\\\/\\\/artssutton.com\\\/en\\\/gallery\\\/membership\\\/#breadcrumb\"},\"inLanguage\":\"en-US\",\"potentialAction\":[{\"@type\":\"ReadAction\",\"target\":[\"https:\\\/\\\/artssutton.com\\\/en\\\/gallery\\\/membership\\\/\"]}]},{\"@type\":\"BreadcrumbList\",\"@id\":\"https:\\\/\\\/artssutton.com\\\/en\\\/gallery\\\/membership\\\/#breadcrumb\",\"itemListElement\":[{\"@type\":\"ListItem\",\"position\":1,\"name\":\"\",\"item\":\"https:\\\/\\\/artssutton.com\\\/en\\\/home\\\/\"},{\"@type\":\"ListItem\",\"position\":2,\"name\":\"The Gallery\",\"item\":\"https:\\\/\\\/artssutton.com\\\/en\\\/gallery\\\/\"},{\"@type\":\"ListItem\",\"position\":3,\"name\":\"Membership\"}]},{\"@type\":\"WebSite\",\"@id\":\"https:\\\/\\\/artssutton.com\\\/en\\\/#website\",\"url\":\"https:\\\/\\\/artssutton.com\\\/en\\\/\",\"name\":\"Arts Sutton\",\"description\":\"Vou\u00e9 \u00e0 la diffusion de la cr\u00e9ation contemporaine en arts visuels\",\"potentialAction\":[{\"@type\":\"SearchAction\",\"target\":{\"@type\":\"EntryPoint\",\"urlTemplate\":\"https:\\\/\\\/artssutton.com\\\/en\\\/?s={search_term_string}\"},\"query-input\":{\"@type\":\"PropertyValueSpecification\",\"valueRequired\":true,\"valueName\":\"search_term_string\"}}],\"inLanguage\":\"en-US\"}]}<\/script>\n<!-- \/ Yoast SEO plugin. -->","yoast_head_json":{"title":"Join the Arts Sutton Art Centre","description":"Being a member of the Arts Sutton is supporting the promotion and dissemination of contemporary art, contribute to the maintenance service of the art centre and encourage the development of artistic projects.","robots":{"index":"index","follow":"follow","max-snippet":"max-snippet:-1","max-image-preview":"max-image-preview:large","max-video-preview":"max-video-preview:-1"},"canonical":"https:\/\/artssutton.com\/en\/gallery\/membership\/","og_locale":"en_US","og_type":"article","og_title":"Become a member of Arts Sutton","og_description":"Being a member of the Arts Sutton is supporting the promotion and dissemination of contemporary art, contribute to the maintenance service of the art centre with the artists and the general population, encourage the development of artistic projects.","og_url":"https:\/\/artssutton.com\/en\/gallery\/membership\/","og_site_name":"Arts Sutton","article_publisher":"https:\/\/www.facebook.com\/artsSutton","article_modified_time":"2026-02-11T16:04:45+00:00","og_image":[{"width":1200,"height":628,"url":"https:\/\/artssutton.com\/wp-content\/uploads\/2015\/09\/Logo_AS_Facebook.png","type":"image\/png"}],"twitter_misc":{"Est. reading time":"1 minute"},"schema":{"@context":"https:\/\/schema.org","@graph":[{"@type":"WebPage","@id":"https:\/\/artssutton.com\/en\/gallery\/membership\/","url":"https:\/\/artssutton.com\/en\/gallery\/membership\/","name":"Join the Arts Sutton Art Centre","isPartOf":{"@id":"https:\/\/artssutton.com\/en\/#website"},"datePublished":"2016-07-27T19:44:51+00:00","dateModified":"2026-02-11T16:04:45+00:00","description":"Being a member of the Arts Sutton is supporting the promotion and dissemination of contemporary art, contribute to the maintenance service of the art centre and encourage the development of artistic projects.","breadcrumb":{"@id":"https:\/\/artssutton.com\/en\/gallery\/membership\/#breadcrumb"},"inLanguage":"en-US","potentialAction":[{"@type":"ReadAction","target":["https:\/\/artssutton.com\/en\/gallery\/membership\/"]}]},{"@type":"BreadcrumbList","@id":"https:\/\/artssutton.com\/en\/gallery\/membership\/#breadcrumb","itemListElement":[{"@type":"ListItem","position":1,"name":"","item":"https:\/\/artssutton.com\/en\/home\/"},{"@type":"ListItem","position":2,"name":"The Gallery","item":"https:\/\/artssutton.com\/en\/gallery\/"},{"@type":"ListItem","position":3,"name":"Membership"}]},{"@type":"WebSite","@id":"https:\/\/artssutton.com\/en\/#website","url":"https:\/\/artssutton.com\/en\/","name":"Arts Sutton","description":"Vou\u00e9 \u00e0 la diffusion de la cr\u00e9ation contemporaine en arts visuels","potentialAction":[{"@type":"SearchAction","target":{"@type":"EntryPoint","urlTemplate":"https:\/\/artssutton.com\/en\/?s={search_term_string}"},"query-input":{"@type":"PropertyValueSpecification","valueRequired":true,"valueName":"search_term_string"}}],"inLanguage":"en-US"}]}},"_links":{"self":[{"href":"https:\/\/artssutton.com\/en\/wp-json\/wp\/v2\/pages\/3461","targetHints":{"allow":["GET"]}}],"collection":[{"href":"https:\/\/artssutton.com\/en\/wp-json\/wp\/v2\/pages"}],"about":[{"href":"https:\/\/artssutton.com\/en\/wp-json\/wp\/v2\/types\/page"}],"author":[{"embeddable":true,"href":"https:\/\/artssutton.com\/en\/wp-json\/wp\/v2\/users\/105"}],"replies":[{"embeddable":true,"href":"https:\/\/artssutton.com\/en\/wp-json\/wp\/v2\/comments?post=3461"}],"version-history":[{"count":4,"href":"https:\/\/artssutton.com\/en\/wp-json\/wp\/v2\/pages\/3461\/revisions"}],"predecessor-version":[{"id":27437,"href":"https:\/\/artssutton.com\/en\/wp-json\/wp\/v2\/pages\/3461\/revisions\/27437"}],"up":[{"embeddable":true,"href":"https:\/\/artssutton.com\/en\/wp-json\/wp\/v2\/pages\/735"}],"wp:attachment":[{"href":"https:\/\/artssutton.com\/en\/wp-json\/wp\/v2\/media?parent=3461"}],"curies":[{"name":"wp","href":"https:\/\/api.w.org\/{rel}","templated":true}]}}