{"id":3371,"date":"2016-06-21T11:44:12","date_gmt":"2016-06-21T15:44:12","guid":{"rendered":"https:\/\/artssutton.com\/en\/?page_id=3371"},"modified":"2026-01-09T16:47:15","modified_gmt":"2026-01-09T21:47:15","slug":"contact","status":"publish","type":"page","link":"https:\/\/artssutton.com\/en\/contact\/","title":{"rendered":"Contact"},"content":{"rendered":"\n<h1>\n\t\t\tArts Sutton Art Centre\t<\/h1>\n\t7 Academy<br \/>\nSutton, QC<br \/>\nJ0E 2K0\n<h3>\n\t\t\tOpening Hours\t<\/h3>\n\t<p><strong>Regular hours<\/strong><\/p>\n<ul type=\"disc\">\n<li>Thursday to Sunday: 1 p.m. to 5 p.m.<\/li>\n<\/ul>\n<h3>\n\t\t\tFollow-us\t<\/h3>\n<h2>\n\t\t\tInscrivez-vous \u00e0 l&#8217;infolettre Arts Sutton\t<\/h2>\n\t<p>Apprenez-en plus au sujet de nos expositions, des opportunit\u00e9s qu&#8217;offre la galerie aux artistes ainsi que les diff\u00e9rentes activit\u00e9s du centre d&#8217;Arts Sutton.<\/p>\n\n","protected":false},"excerpt":{"rendered":"<p>Arts Sutton Art Centre 7 Academy Sutton, QC J0E 2K0 Opening Hours Regular hours Thursday to Sunday: 1 p.m. to 5 p.m. Follow-us Inscrivez-vous \u00e0 l&#8217;infolettre Arts Sutton Apprenez-en plus au sujet de nos expositions, des opportunit\u00e9s qu&#8217;offre la galerie aux artistes ainsi que les diff\u00e9rentes activit\u00e9s du centre d&#8217;Arts Sutton.<\/p>\n","protected":false},"author":105,"featured_media":0,"parent":0,"menu_order":6000,"comment_status":"closed","ping_status":"closed","template":"","meta":{"_acf_changed":false,"footnotes":""},"class_list":["post-3371","page","type-page","status-publish","hentry"],"acf":[],"yoast_head":"<!-- This site is optimized with the Yoast SEO plugin v27.4 - https:\/\/yoast.com\/product\/yoast-seo-wordpress\/ -->\n<title>Contact - Arts Sutton<\/title>\n<meta name=\"robots\" content=\"index, follow, max-snippet:-1, max-image-preview:large, max-video-preview:-1\" \/>\n<link rel=\"canonical\" href=\"https:\/\/artssutton.com\/en\/contact\/\" \/>\n<meta property=\"og:locale\" content=\"en_US\" \/>\n<meta property=\"og:type\" content=\"article\" \/>\n<meta property=\"og:title\" content=\"Contact - Arts Sutton\" \/>\n<meta property=\"og:description\" content=\"Arts Sutton Art Centre 7 Academy Sutton, QC J0E 2K0 Opening Hours Regular hours Thursday to Sunday: 1 p.m. to 5 p.m. Follow-us Inscrivez-vous \u00e0 l&#8217;infolettre Arts Sutton Apprenez-en plus au sujet de nos expositions, des opportunit\u00e9s qu&#8217;offre la galerie aux artistes ainsi que les diff\u00e9rentes activit\u00e9s du centre d&#8217;Arts Sutton.\" \/>\n<meta property=\"og:url\" content=\"https:\/\/artssutton.com\/en\/contact\/\" \/>\n<meta property=\"og:site_name\" content=\"Arts Sutton\" \/>\n<meta property=\"article:publisher\" content=\"https:\/\/www.facebook.com\/artsSutton\" \/>\n<meta property=\"article:modified_time\" content=\"2026-01-09T21:47:15+00:00\" \/>\n<meta property=\"og:image\" content=\"https:\/\/artssutton.com\/wp-content\/uploads\/2019\/07\/Logo_couleur_B_O-FB2019-2400.png\" \/>\n\t<meta property=\"og:image:width\" content=\"2400\" \/>\n\t<meta property=\"og:image:height\" content=\"1260\" \/>\n\t<meta property=\"og:image:type\" content=\"image\/png\" \/>\n<script type=\"application\/ld+json\" class=\"yoast-schema-graph\">{\"@context\":\"https:\\\/\\\/schema.org\",\"@graph\":[{\"@type\":\"WebPage\",\"@id\":\"https:\\\/\\\/artssutton.com\\\/en\\\/contact\\\/\",\"url\":\"https:\\\/\\\/artssutton.com\\\/en\\\/contact\\\/\",\"name\":\"Contact - Arts Sutton\",\"isPartOf\":{\"@id\":\"https:\\\/\\\/artssutton.com\\\/en\\\/#website\"},\"datePublished\":\"2016-06-21T15:44:12+00:00\",\"dateModified\":\"2026-01-09T21:47:15+00:00\",\"breadcrumb\":{\"@id\":\"https:\\\/\\\/artssutton.com\\\/en\\\/contact\\\/#breadcrumb\"},\"inLanguage\":\"en-US\",\"potentialAction\":[{\"@type\":\"ReadAction\",\"target\":[\"https:\\\/\\\/artssutton.com\\\/en\\\/contact\\\/\"]}]},{\"@type\":\"BreadcrumbList\",\"@id\":\"https:\\\/\\\/artssutton.com\\\/en\\\/contact\\\/#breadcrumb\",\"itemListElement\":[{\"@type\":\"ListItem\",\"position\":1,\"name\":\"\",\"item\":\"https:\\\/\\\/artssutton.com\\\/en\\\/home\\\/\"},{\"@type\":\"ListItem\",\"position\":2,\"name\":\"Contact\"}]},{\"@type\":\"WebSite\",\"@id\":\"https:\\\/\\\/artssutton.com\\\/en\\\/#website\",\"url\":\"https:\\\/\\\/artssutton.com\\\/en\\\/\",\"name\":\"Arts Sutton\",\"description\":\"Vou\u00e9 \u00e0 la diffusion de la cr\u00e9ation contemporaine en arts visuels\",\"potentialAction\":[{\"@type\":\"SearchAction\",\"target\":{\"@type\":\"EntryPoint\",\"urlTemplate\":\"https:\\\/\\\/artssutton.com\\\/en\\\/?s={search_term_string}\"},\"query-input\":{\"@type\":\"PropertyValueSpecification\",\"valueRequired\":true,\"valueName\":\"search_term_string\"}}],\"inLanguage\":\"en-US\"}]}<\/script>\n<!-- \/ Yoast SEO plugin. -->","yoast_head_json":{"title":"Contact - Arts Sutton","robots":{"index":"index","follow":"follow","max-snippet":"max-snippet:-1","max-image-preview":"max-image-preview:large","max-video-preview":"max-video-preview:-1"},"canonical":"https:\/\/artssutton.com\/en\/contact\/","og_locale":"en_US","og_type":"article","og_title":"Contact - Arts Sutton","og_description":"Arts Sutton Art Centre 7 Academy Sutton, QC J0E 2K0 Opening Hours Regular hours Thursday to Sunday: 1 p.m. to 5 p.m. Follow-us Inscrivez-vous \u00e0 l&#8217;infolettre Arts Sutton Apprenez-en plus au sujet de nos expositions, des opportunit\u00e9s qu&#8217;offre la galerie aux artistes ainsi que les diff\u00e9rentes activit\u00e9s du centre d&#8217;Arts Sutton.","og_url":"https:\/\/artssutton.com\/en\/contact\/","og_site_name":"Arts Sutton","article_publisher":"https:\/\/www.facebook.com\/artsSutton","article_modified_time":"2026-01-09T21:47:15+00:00","og_image":[{"width":2400,"height":1260,"url":"https:\/\/artssutton.com\/wp-content\/uploads\/2019\/07\/Logo_couleur_B_O-FB2019-2400.png","type":"image\/png"}],"schema":{"@context":"https:\/\/schema.org","@graph":[{"@type":"WebPage","@id":"https:\/\/artssutton.com\/en\/contact\/","url":"https:\/\/artssutton.com\/en\/contact\/","name":"Contact - Arts Sutton","isPartOf":{"@id":"https:\/\/artssutton.com\/en\/#website"},"datePublished":"2016-06-21T15:44:12+00:00","dateModified":"2026-01-09T21:47:15+00:00","breadcrumb":{"@id":"https:\/\/artssutton.com\/en\/contact\/#breadcrumb"},"inLanguage":"en-US","potentialAction":[{"@type":"ReadAction","target":["https:\/\/artssutton.com\/en\/contact\/"]}]},{"@type":"BreadcrumbList","@id":"https:\/\/artssutton.com\/en\/contact\/#breadcrumb","itemListElement":[{"@type":"ListItem","position":1,"name":"","item":"https:\/\/artssutton.com\/en\/home\/"},{"@type":"ListItem","position":2,"name":"Contact"}]},{"@type":"WebSite","@id":"https:\/\/artssutton.com\/en\/#website","url":"https:\/\/artssutton.com\/en\/","name":"Arts Sutton","description":"Vou\u00e9 \u00e0 la diffusion de la cr\u00e9ation contemporaine en arts visuels","potentialAction":[{"@type":"SearchAction","target":{"@type":"EntryPoint","urlTemplate":"https:\/\/artssutton.com\/en\/?s={search_term_string}"},"query-input":{"@type":"PropertyValueSpecification","valueRequired":true,"valueName":"search_term_string"}}],"inLanguage":"en-US"}]}},"_links":{"self":[{"href":"https:\/\/artssutton.com\/en\/wp-json\/wp\/v2\/pages\/3371","targetHints":{"allow":["GET"]}}],"collection":[{"href":"https:\/\/artssutton.com\/en\/wp-json\/wp\/v2\/pages"}],"about":[{"href":"https:\/\/artssutton.com\/en\/wp-json\/wp\/v2\/types\/page"}],"author":[{"embeddable":true,"href":"https:\/\/artssutton.com\/en\/wp-json\/wp\/v2\/users\/105"}],"replies":[{"embeddable":true,"href":"https:\/\/artssutton.com\/en\/wp-json\/wp\/v2\/comments?post=3371"}],"version-history":[{"count":3,"href":"https:\/\/artssutton.com\/en\/wp-json\/wp\/v2\/pages\/3371\/revisions"}],"predecessor-version":[{"id":27446,"href":"https:\/\/artssutton.com\/en\/wp-json\/wp\/v2\/pages\/3371\/revisions\/27446"}],"wp:attachment":[{"href":"https:\/\/artssutton.com\/en\/wp-json\/wp\/v2\/media?parent=3371"}],"curies":[{"name":"wp","href":"https:\/\/api.w.org\/{rel}","templated":true}]}}