{"id":27417,"date":"2026-01-09T14:15:16","date_gmt":"2026-01-09T19:15:16","guid":{"rendered":"https:\/\/artssutton.com\/gallery\/membership\/membership-form\/"},"modified":"2026-02-11T11:07:51","modified_gmt":"2026-02-11T16:07:51","slug":"membership-form","status":"publish","type":"page","link":"https:\/\/artssutton.com\/en\/gallery\/membership\/membership-form\/","title":{"rendered":"Membership Form"},"content":{"rendered":"\n<h1>\n\t\t\tFormulaire d&#8217;adh\u00e9sion\t<\/h1>\n\t<p>Pour les adh\u00e9sions, Arts Sutton utilise la plateforme <a href=\"chatgpt:\/\/generic-entity?number=1\"><b>Zeffy<\/b><\/a>, un service canadien s\u00e9curis\u00e9 con\u00e7u pour les organismes sans but lucratif. Cette plateforme est simple \u00e0 utiliser et permet de soutenir Arts Sutton sans frais pour l&#8217;organisme.<\/p>\n<p>Si vous choisissez le renouvellement automatique, votre adh\u00e9sion sera renouvel\u00e9e chaque ann\u00e9e. Le renouvellement automatique peut \u00eatre annul\u00e9 en tout temps \u00e0 partir du courriel de confirmation ou en communiquant avec nous.<\/p>\n<h3>Merci de soutenir Arts Sutton en devenant membre.<\/h3>\n\t<iframe title='formulaire adh\u00e9sion par Zeffy' style='position: absolute; border: 0; top:0;left:0;bottom:0;right:0;width:100%;height:100%' src='https:\/\/www.zeffy.com\/embed\/ticketing\/devenir-membre-darts-sutton' allowpaymentrequest allowTransparency=\"true\"><\/iframe>\n\n","protected":false},"excerpt":{"rendered":"<p>Formulaire d&#8217;adh\u00e9sion Pour les adh\u00e9sions, Arts Sutton utilise la plateforme Zeffy, un service canadien s\u00e9curis\u00e9 con\u00e7u pour les organismes sans but lucratif. Cette plateforme est simple \u00e0 utiliser et permet de soutenir Arts Sutton sans frais pour l&#8217;organisme. Si vous choisissez le renouvellement automatique, votre adh\u00e9sion sera renouvel\u00e9e chaque ann\u00e9e. Le renouvellement automatique peut \u00eatre&hellip;<\/p>\n","protected":false},"author":105,"featured_media":0,"parent":3461,"menu_order":0,"comment_status":"closed","ping_status":"closed","template":"","meta":{"_acf_changed":false,"footnotes":""},"class_list":["post-27417","page","type-page","status-publish","hentry"],"acf":[],"yoast_head":"<!-- This site is optimized with the Yoast SEO plugin v27.4 - https:\/\/yoast.com\/product\/yoast-seo-wordpress\/ -->\n<title>Membership Form - Arts Sutton<\/title>\n<meta name=\"robots\" content=\"index, follow, max-snippet:-1, max-image-preview:large, max-video-preview:-1\" \/>\n<link rel=\"canonical\" href=\"https:\/\/artssutton.com\/en\/gallery\/membership\/membership-form\/\" \/>\n<meta property=\"og:locale\" content=\"en_US\" \/>\n<meta property=\"og:type\" content=\"article\" \/>\n<meta property=\"og:title\" content=\"Membership Form - Arts Sutton\" \/>\n<meta property=\"og:description\" content=\"Formulaire d&#8217;adh\u00e9sion Pour les adh\u00e9sions, Arts Sutton utilise la plateforme Zeffy, un service canadien s\u00e9curis\u00e9 con\u00e7u pour les organismes sans but lucratif. Cette plateforme est simple \u00e0 utiliser et permet de soutenir Arts Sutton sans frais pour l&#8217;organisme. Si vous choisissez le renouvellement automatique, votre adh\u00e9sion sera renouvel\u00e9e chaque ann\u00e9e. Le renouvellement automatique peut \u00eatre&hellip;\" \/>\n<meta property=\"og:url\" content=\"https:\/\/artssutton.com\/en\/gallery\/membership\/membership-form\/\" \/>\n<meta property=\"og:site_name\" content=\"Arts Sutton\" \/>\n<meta property=\"article:publisher\" content=\"https:\/\/www.facebook.com\/artsSutton\" \/>\n<meta property=\"article:modified_time\" content=\"2026-02-11T16:07:51+00:00\" \/>\n<meta property=\"og:image\" content=\"https:\/\/artssutton.com\/wp-content\/uploads\/2019\/07\/Logo_couleur_B_O-FB2019-2400.png\" \/>\n\t<meta property=\"og:image:width\" content=\"2400\" \/>\n\t<meta property=\"og:image:height\" content=\"1260\" \/>\n\t<meta property=\"og:image:type\" content=\"image\/png\" \/>\n<script type=\"application\/ld+json\" class=\"yoast-schema-graph\">{\"@context\":\"https:\\\/\\\/schema.org\",\"@graph\":[{\"@type\":\"WebPage\",\"@id\":\"https:\\\/\\\/artssutton.com\\\/en\\\/gallery\\\/membership\\\/membership-form\\\/\",\"url\":\"https:\\\/\\\/artssutton.com\\\/en\\\/gallery\\\/membership\\\/membership-form\\\/\",\"name\":\"Membership Form - Arts Sutton\",\"isPartOf\":{\"@id\":\"https:\\\/\\\/artssutton.com\\\/en\\\/#website\"},\"datePublished\":\"2026-01-09T19:15:16+00:00\",\"dateModified\":\"2026-02-11T16:07:51+00:00\",\"breadcrumb\":{\"@id\":\"https:\\\/\\\/artssutton.com\\\/en\\\/gallery\\\/membership\\\/membership-form\\\/#breadcrumb\"},\"inLanguage\":\"en-US\",\"potentialAction\":[{\"@type\":\"ReadAction\",\"target\":[\"https:\\\/\\\/artssutton.com\\\/en\\\/gallery\\\/membership\\\/membership-form\\\/\"]}]},{\"@type\":\"BreadcrumbList\",\"@id\":\"https:\\\/\\\/artssutton.com\\\/en\\\/gallery\\\/membership\\\/membership-form\\\/#breadcrumb\",\"itemListElement\":[{\"@type\":\"ListItem\",\"position\":1,\"name\":\"\",\"item\":\"https:\\\/\\\/artssutton.com\\\/en\\\/home\\\/\"},{\"@type\":\"ListItem\",\"position\":2,\"name\":\"The Gallery\",\"item\":\"https:\\\/\\\/artssutton.com\\\/en\\\/gallery\\\/\"},{\"@type\":\"ListItem\",\"position\":3,\"name\":\"Membership\",\"item\":\"https:\\\/\\\/artssutton.com\\\/en\\\/gallery\\\/membership\\\/\"},{\"@type\":\"ListItem\",\"position\":4,\"name\":\"Membership Form\"}]},{\"@type\":\"WebSite\",\"@id\":\"https:\\\/\\\/artssutton.com\\\/en\\\/#website\",\"url\":\"https:\\\/\\\/artssutton.com\\\/en\\\/\",\"name\":\"Arts Sutton\",\"description\":\"Vou\u00e9 \u00e0 la diffusion de la cr\u00e9ation contemporaine en arts visuels\",\"potentialAction\":[{\"@type\":\"SearchAction\",\"target\":{\"@type\":\"EntryPoint\",\"urlTemplate\":\"https:\\\/\\\/artssutton.com\\\/en\\\/?s={search_term_string}\"},\"query-input\":{\"@type\":\"PropertyValueSpecification\",\"valueRequired\":true,\"valueName\":\"search_term_string\"}}],\"inLanguage\":\"en-US\"}]}<\/script>\n<!-- \/ Yoast SEO plugin. -->","yoast_head_json":{"title":"Membership Form - Arts Sutton","robots":{"index":"index","follow":"follow","max-snippet":"max-snippet:-1","max-image-preview":"max-image-preview:large","max-video-preview":"max-video-preview:-1"},"canonical":"https:\/\/artssutton.com\/en\/gallery\/membership\/membership-form\/","og_locale":"en_US","og_type":"article","og_title":"Membership Form - Arts Sutton","og_description":"Formulaire d&#8217;adh\u00e9sion Pour les adh\u00e9sions, Arts Sutton utilise la plateforme Zeffy, un service canadien s\u00e9curis\u00e9 con\u00e7u pour les organismes sans but lucratif. Cette plateforme est simple \u00e0 utiliser et permet de soutenir Arts Sutton sans frais pour l&#8217;organisme. Si vous choisissez le renouvellement automatique, votre adh\u00e9sion sera renouvel\u00e9e chaque ann\u00e9e. Le renouvellement automatique peut \u00eatre&hellip;","og_url":"https:\/\/artssutton.com\/en\/gallery\/membership\/membership-form\/","og_site_name":"Arts Sutton","article_publisher":"https:\/\/www.facebook.com\/artsSutton","article_modified_time":"2026-02-11T16:07:51+00:00","og_image":[{"width":2400,"height":1260,"url":"https:\/\/artssutton.com\/wp-content\/uploads\/2019\/07\/Logo_couleur_B_O-FB2019-2400.png","type":"image\/png"}],"schema":{"@context":"https:\/\/schema.org","@graph":[{"@type":"WebPage","@id":"https:\/\/artssutton.com\/en\/gallery\/membership\/membership-form\/","url":"https:\/\/artssutton.com\/en\/gallery\/membership\/membership-form\/","name":"Membership Form - Arts Sutton","isPartOf":{"@id":"https:\/\/artssutton.com\/en\/#website"},"datePublished":"2026-01-09T19:15:16+00:00","dateModified":"2026-02-11T16:07:51+00:00","breadcrumb":{"@id":"https:\/\/artssutton.com\/en\/gallery\/membership\/membership-form\/#breadcrumb"},"inLanguage":"en-US","potentialAction":[{"@type":"ReadAction","target":["https:\/\/artssutton.com\/en\/gallery\/membership\/membership-form\/"]}]},{"@type":"BreadcrumbList","@id":"https:\/\/artssutton.com\/en\/gallery\/membership\/membership-form\/#breadcrumb","itemListElement":[{"@type":"ListItem","position":1,"name":"","item":"https:\/\/artssutton.com\/en\/home\/"},{"@type":"ListItem","position":2,"name":"The Gallery","item":"https:\/\/artssutton.com\/en\/gallery\/"},{"@type":"ListItem","position":3,"name":"Membership","item":"https:\/\/artssutton.com\/en\/gallery\/membership\/"},{"@type":"ListItem","position":4,"name":"Membership Form"}]},{"@type":"WebSite","@id":"https:\/\/artssutton.com\/en\/#website","url":"https:\/\/artssutton.com\/en\/","name":"Arts Sutton","description":"Vou\u00e9 \u00e0 la diffusion de la cr\u00e9ation contemporaine en arts visuels","potentialAction":[{"@type":"SearchAction","target":{"@type":"EntryPoint","urlTemplate":"https:\/\/artssutton.com\/en\/?s={search_term_string}"},"query-input":{"@type":"PropertyValueSpecification","valueRequired":true,"valueName":"search_term_string"}}],"inLanguage":"en-US"}]}},"_links":{"self":[{"href":"https:\/\/artssutton.com\/en\/wp-json\/wp\/v2\/pages\/27417","targetHints":{"allow":["GET"]}}],"collection":[{"href":"https:\/\/artssutton.com\/en\/wp-json\/wp\/v2\/pages"}],"about":[{"href":"https:\/\/artssutton.com\/en\/wp-json\/wp\/v2\/types\/page"}],"author":[{"embeddable":true,"href":"https:\/\/artssutton.com\/en\/wp-json\/wp\/v2\/users\/105"}],"replies":[{"embeddable":true,"href":"https:\/\/artssutton.com\/en\/wp-json\/wp\/v2\/comments?post=27417"}],"version-history":[{"count":1,"href":"https:\/\/artssutton.com\/en\/wp-json\/wp\/v2\/pages\/27417\/revisions"}],"predecessor-version":[{"id":27418,"href":"https:\/\/artssutton.com\/en\/wp-json\/wp\/v2\/pages\/27417\/revisions\/27418"}],"up":[{"embeddable":true,"href":"https:\/\/artssutton.com\/en\/wp-json\/wp\/v2\/pages\/3461"}],"wp:attachment":[{"href":"https:\/\/artssutton.com\/en\/wp-json\/wp\/v2\/media?parent=27417"}],"curies":[{"name":"wp","href":"https:\/\/api.w.org\/{rel}","templated":true}]}}