{"id":20415,"date":"2023-02-14T11:38:59","date_gmt":"2023-02-14T16:38:59","guid":{"rendered":"https:\/\/artssutton.com\/gallery\/fundraising\/fundraising-form\/"},"modified":"2026-01-16T14:33:40","modified_gmt":"2026-01-16T19:33:40","slug":"fundraising-form","status":"publish","type":"page","link":"https:\/\/artssutton.com\/en\/gallery\/fundraising\/fundraising-form\/","title":{"rendered":"Fundraising Form"},"content":{"rendered":"\n<h1>\n\t\t\tFundraising Form\t<\/h1>\n<h2>\n\t\t\tDonor Recognition Program\t<\/h2>\n<p>Contribute according to your means &#8211; every donation matters.<\/p>\n<p>Your contribution helps us carry out our mission. Thanks to your support, we are able to:<\/p>\n<ul>\n<li>\n<p>Operate a venue dedicated to showcasing works by professional artists in contemporary and current art, from regional, national, and international backgrounds<\/p>\n<\/li>\n<li>\n<p>Organize activities aimed at raising awareness and providing education for all audiences<\/p>\n<\/li>\n<li>\n<p>Support the emergence of young creators<\/p>\n<\/li>\n<\/ul>\n<p>Arts Sutton uses the <a href=\"https:\/\/www.zeffy.com\/\" target=\"_blank\" rel=\"noopener\">Zeffy<\/a> platform, a secure Canadian service designed for non-profit organizations. This platform is easy to use and allows you to support Arts Sutton at no cost to the organization. You can make your donation by credit card or pre-authorized debit.<\/p>\n<p>If you prefer to make a cash donation, by cheque, or by e-Transfer, please contact us at <a href=\"tel:4505382563\">450-538-2563<\/a> or by <a href=\"mailto:info@artssutton.com\">email<\/a>.<\/p>\n<p>Thank you for your invaluable support.<\/p>\n\t<iframe title='Donation form powered by Zeffy' style='position: absolute; border: 0; top:0;left:0;bottom:0;right:0;width:100%;height:100%' src='https:\/\/www.zeffy.com\/embed\/donation-form\/b30fc2f0-bf85-4cb6-b296-7c67da90010b' allowpaymentrequest allowTransparency=\"true\"><\/iframe>\n\n","protected":false},"excerpt":{"rendered":"<p>Fundraising Form Donor Recognition Program Contribute according to your means &#8211; every donation matters. Your contribution helps us carry out our mission. Thanks to your support, we are able to: Operate a venue dedicated to showcasing works by professional artists in contemporary and current art, from regional, national, and international backgrounds Organize activities aimed at&hellip;<\/p>\n","protected":false},"author":105,"featured_media":0,"parent":7366,"menu_order":0,"comment_status":"closed","ping_status":"closed","template":"","meta":{"_acf_changed":false,"footnotes":""},"class_list":["post-20415","page","type-page","status-publish","hentry"],"acf":[],"yoast_head":"<!-- This site is optimized with the Yoast SEO plugin v27.4 - https:\/\/yoast.com\/product\/yoast-seo-wordpress\/ -->\n<title>Fundraising Form - Arts Sutton<\/title>\n<meta name=\"robots\" content=\"index, follow, max-snippet:-1, max-image-preview:large, max-video-preview:-1\" \/>\n<link rel=\"canonical\" href=\"https:\/\/artssutton.com\/en\/gallery\/fundraising\/fundraising-form\/\" \/>\n<meta property=\"og:locale\" content=\"en_US\" \/>\n<meta property=\"og:type\" content=\"article\" \/>\n<meta property=\"og:title\" content=\"Fundraising Form - Arts Sutton\" \/>\n<meta property=\"og:description\" content=\"Fundraising Form Donor Recognition Program Contribute according to your means &#8211; every donation matters. Your contribution helps us carry out our mission. Thanks to your support, we are able to: Operate a venue dedicated to showcasing works by professional artists in contemporary and current art, from regional, national, and international backgrounds Organize activities aimed at&hellip;\" \/>\n<meta property=\"og:url\" content=\"https:\/\/artssutton.com\/en\/gallery\/fundraising\/fundraising-form\/\" \/>\n<meta property=\"og:site_name\" content=\"Arts Sutton\" \/>\n<meta property=\"article:publisher\" content=\"https:\/\/www.facebook.com\/artsSutton\" \/>\n<meta property=\"article:modified_time\" content=\"2026-01-16T19:33:40+00:00\" \/>\n<meta property=\"og:image\" content=\"https:\/\/artssutton.com\/wp-content\/uploads\/2019\/07\/Logo_couleur_B_O-FB2019-2400.png\" \/>\n\t<meta property=\"og:image:width\" content=\"2400\" \/>\n\t<meta property=\"og:image:height\" content=\"1260\" \/>\n\t<meta property=\"og:image:type\" content=\"image\/png\" \/>\n<meta name=\"twitter:label1\" content=\"Est. reading time\" \/>\n\t<meta name=\"twitter:data1\" content=\"1 minute\" \/>\n<script type=\"application\/ld+json\" class=\"yoast-schema-graph\">{\"@context\":\"https:\\\/\\\/schema.org\",\"@graph\":[{\"@type\":\"WebPage\",\"@id\":\"https:\\\/\\\/artssutton.com\\\/en\\\/gallery\\\/fundraising\\\/fundraising-form\\\/\",\"url\":\"https:\\\/\\\/artssutton.com\\\/en\\\/gallery\\\/fundraising\\\/fundraising-form\\\/\",\"name\":\"Fundraising Form - Arts Sutton\",\"isPartOf\":{\"@id\":\"https:\\\/\\\/artssutton.com\\\/en\\\/#website\"},\"datePublished\":\"2023-02-14T16:38:59+00:00\",\"dateModified\":\"2026-01-16T19:33:40+00:00\",\"breadcrumb\":{\"@id\":\"https:\\\/\\\/artssutton.com\\\/en\\\/gallery\\\/fundraising\\\/fundraising-form\\\/#breadcrumb\"},\"inLanguage\":\"en-US\",\"potentialAction\":[{\"@type\":\"ReadAction\",\"target\":[\"https:\\\/\\\/artssutton.com\\\/en\\\/gallery\\\/fundraising\\\/fundraising-form\\\/\"]}]},{\"@type\":\"BreadcrumbList\",\"@id\":\"https:\\\/\\\/artssutton.com\\\/en\\\/gallery\\\/fundraising\\\/fundraising-form\\\/#breadcrumb\",\"itemListElement\":[{\"@type\":\"ListItem\",\"position\":1,\"name\":\"\",\"item\":\"https:\\\/\\\/artssutton.com\\\/en\\\/home\\\/\"},{\"@type\":\"ListItem\",\"position\":2,\"name\":\"The Gallery\",\"item\":\"https:\\\/\\\/artssutton.com\\\/en\\\/gallery\\\/\"},{\"@type\":\"ListItem\",\"position\":3,\"name\":\"Fundraising\",\"item\":\"https:\\\/\\\/artssutton.com\\\/en\\\/gallery\\\/fundraising\\\/\"},{\"@type\":\"ListItem\",\"position\":4,\"name\":\"Fundraising Form\"}]},{\"@type\":\"WebSite\",\"@id\":\"https:\\\/\\\/artssutton.com\\\/en\\\/#website\",\"url\":\"https:\\\/\\\/artssutton.com\\\/en\\\/\",\"name\":\"Arts Sutton\",\"description\":\"Vou\u00e9 \u00e0 la diffusion de la cr\u00e9ation contemporaine en arts visuels\",\"potentialAction\":[{\"@type\":\"SearchAction\",\"target\":{\"@type\":\"EntryPoint\",\"urlTemplate\":\"https:\\\/\\\/artssutton.com\\\/en\\\/?s={search_term_string}\"},\"query-input\":{\"@type\":\"PropertyValueSpecification\",\"valueRequired\":true,\"valueName\":\"search_term_string\"}}],\"inLanguage\":\"en-US\"}]}<\/script>\n<!-- \/ Yoast SEO plugin. -->","yoast_head_json":{"title":"Fundraising Form - Arts Sutton","robots":{"index":"index","follow":"follow","max-snippet":"max-snippet:-1","max-image-preview":"max-image-preview:large","max-video-preview":"max-video-preview:-1"},"canonical":"https:\/\/artssutton.com\/en\/gallery\/fundraising\/fundraising-form\/","og_locale":"en_US","og_type":"article","og_title":"Fundraising Form - Arts Sutton","og_description":"Fundraising Form Donor Recognition Program Contribute according to your means &#8211; every donation matters. Your contribution helps us carry out our mission. Thanks to your support, we are able to: Operate a venue dedicated to showcasing works by professional artists in contemporary and current art, from regional, national, and international backgrounds Organize activities aimed at&hellip;","og_url":"https:\/\/artssutton.com\/en\/gallery\/fundraising\/fundraising-form\/","og_site_name":"Arts Sutton","article_publisher":"https:\/\/www.facebook.com\/artsSutton","article_modified_time":"2026-01-16T19:33:40+00:00","og_image":[{"width":2400,"height":1260,"url":"https:\/\/artssutton.com\/wp-content\/uploads\/2019\/07\/Logo_couleur_B_O-FB2019-2400.png","type":"image\/png"}],"twitter_misc":{"Est. reading time":"1 minute"},"schema":{"@context":"https:\/\/schema.org","@graph":[{"@type":"WebPage","@id":"https:\/\/artssutton.com\/en\/gallery\/fundraising\/fundraising-form\/","url":"https:\/\/artssutton.com\/en\/gallery\/fundraising\/fundraising-form\/","name":"Fundraising Form - Arts Sutton","isPartOf":{"@id":"https:\/\/artssutton.com\/en\/#website"},"datePublished":"2023-02-14T16:38:59+00:00","dateModified":"2026-01-16T19:33:40+00:00","breadcrumb":{"@id":"https:\/\/artssutton.com\/en\/gallery\/fundraising\/fundraising-form\/#breadcrumb"},"inLanguage":"en-US","potentialAction":[{"@type":"ReadAction","target":["https:\/\/artssutton.com\/en\/gallery\/fundraising\/fundraising-form\/"]}]},{"@type":"BreadcrumbList","@id":"https:\/\/artssutton.com\/en\/gallery\/fundraising\/fundraising-form\/#breadcrumb","itemListElement":[{"@type":"ListItem","position":1,"name":"","item":"https:\/\/artssutton.com\/en\/home\/"},{"@type":"ListItem","position":2,"name":"The Gallery","item":"https:\/\/artssutton.com\/en\/gallery\/"},{"@type":"ListItem","position":3,"name":"Fundraising","item":"https:\/\/artssutton.com\/en\/gallery\/fundraising\/"},{"@type":"ListItem","position":4,"name":"Fundraising Form"}]},{"@type":"WebSite","@id":"https:\/\/artssutton.com\/en\/#website","url":"https:\/\/artssutton.com\/en\/","name":"Arts Sutton","description":"Vou\u00e9 \u00e0 la diffusion de la cr\u00e9ation contemporaine en arts visuels","potentialAction":[{"@type":"SearchAction","target":{"@type":"EntryPoint","urlTemplate":"https:\/\/artssutton.com\/en\/?s={search_term_string}"},"query-input":{"@type":"PropertyValueSpecification","valueRequired":true,"valueName":"search_term_string"}}],"inLanguage":"en-US"}]}},"_links":{"self":[{"href":"https:\/\/artssutton.com\/en\/wp-json\/wp\/v2\/pages\/20415","targetHints":{"allow":["GET"]}}],"collection":[{"href":"https:\/\/artssutton.com\/en\/wp-json\/wp\/v2\/pages"}],"about":[{"href":"https:\/\/artssutton.com\/en\/wp-json\/wp\/v2\/types\/page"}],"author":[{"embeddable":true,"href":"https:\/\/artssutton.com\/en\/wp-json\/wp\/v2\/users\/105"}],"replies":[{"embeddable":true,"href":"https:\/\/artssutton.com\/en\/wp-json\/wp\/v2\/comments?post=20415"}],"version-history":[{"count":2,"href":"https:\/\/artssutton.com\/en\/wp-json\/wp\/v2\/pages\/20415\/revisions"}],"predecessor-version":[{"id":27465,"href":"https:\/\/artssutton.com\/en\/wp-json\/wp\/v2\/pages\/20415\/revisions\/27465"}],"up":[{"embeddable":true,"href":"https:\/\/artssutton.com\/en\/wp-json\/wp\/v2\/pages\/7366"}],"wp:attachment":[{"href":"https:\/\/artssutton.com\/en\/wp-json\/wp\/v2\/media?parent=20415"}],"curies":[{"name":"wp","href":"https:\/\/api.w.org\/{rel}","templated":true}]}}