{"id":18600,"date":"2021-06-02T12:07:20","date_gmt":"2021-06-02T16:07:20","guid":{"rendered":"https:\/\/artssutton.com\/?page_id=18600"},"modified":"2021-06-02T12:08:33","modified_gmt":"2021-06-02T16:08:33","slug":"rsvp","status":"publish","type":"page","link":"https:\/\/artssutton.com\/en\/exhibitions\/rsvp\/","title":{"rendered":"RSVP"},"content":{"rendered":"\n<h2>\n\t<\/h2>\n\t<p>According to current health regulations, we accept a maximum of 5 people every 30 minutes.<\/p>\n<p>Each visit should start on time and end &#8211; out of respect for other visitors &#8211; 30 minutes later.<\/p>\n<p>Reservations are recommended.<\/p>\n\t\t<iframe src=\"https:\/\/artssutton.com\/en\/wp-json\/ssa\/v1\/embed-inner?integration&#038;type=vernissage-tous-ensemble&#038;types=2&#038;edit&#038;view&#038;ssa_locale=en_US&#038;sid=1c9c6f7ecd8155a52fcfb4df505c1a2130d46f2f&#038;availability_start_date&#038;availability_end_date&#038;accent_color&#038;background&#038;padding&#038;font=Default&#038;booking_url=https%3A%2F%2Fartssutton.com%2Fen%2Fexhibitions%2Frsvp%2F&#038;booking_post_id=18600&#038;booking_title=RSVP&#038;_wpnonce=28f2274295#\/\" height=\"400px\" width=\"100%\" name=\"ssa_booking\" loading=\"eager\" frameborder=\"0\" data-skip-lazy=\"1\" title=\"Book a time\"><\/iframe>\t\n\n","protected":false},"excerpt":{"rendered":"<p>According to current health regulations, we accept a maximum of 5 people every 30 minutes. Each visit should start on time and end &#8211; out of respect for other visitors &#8211; 30 minutes later. Reservations are recommended.<\/p>\n","protected":false},"author":105,"featured_media":0,"parent":718,"menu_order":0,"comment_status":"closed","ping_status":"closed","template":"","meta":{"_acf_changed":false,"footnotes":""},"class_list":["post-18600","page","type-page","status-publish","hentry"],"acf":[],"yoast_head":"<!-- This site is optimized with the Yoast SEO plugin v27.4 - https:\/\/yoast.com\/product\/yoast-seo-wordpress\/ -->\n<title>RSVP - Arts Sutton<\/title>\n<meta name=\"robots\" content=\"index, follow, max-snippet:-1, max-image-preview:large, max-video-preview:-1\" \/>\n<link rel=\"canonical\" href=\"https:\/\/artssutton.com\/en\/exhibitions\/rsvp\/\" \/>\n<meta property=\"og:locale\" content=\"en_US\" \/>\n<meta property=\"og:type\" content=\"article\" \/>\n<meta property=\"og:title\" content=\"RSVP - Arts Sutton\" \/>\n<meta property=\"og:description\" content=\"According to current health regulations, we accept a maximum of 5 people every 30 minutes. Each visit should start on time and end &#8211; out of respect for other visitors &#8211; 30 minutes later. Reservations are recommended.\" \/>\n<meta property=\"og:url\" content=\"https:\/\/artssutton.com\/en\/exhibitions\/rsvp\/\" \/>\n<meta property=\"og:site_name\" content=\"Arts Sutton\" \/>\n<meta property=\"article:publisher\" content=\"https:\/\/www.facebook.com\/artsSutton\" \/>\n<meta property=\"article:modified_time\" content=\"2021-06-02T16:08:33+00:00\" \/>\n<meta property=\"og:image\" content=\"https:\/\/artssutton.com\/wp-content\/uploads\/2019\/07\/Logo_couleur_B_O-FB2019-2400.png\" \/>\n\t<meta property=\"og:image:width\" content=\"2400\" \/>\n\t<meta property=\"og:image:height\" content=\"1260\" \/>\n\t<meta property=\"og:image:type\" content=\"image\/png\" \/>\n<meta name=\"twitter:label1\" content=\"Est. reading time\" \/>\n\t<meta name=\"twitter:data1\" content=\"1 minute\" \/>\n<script type=\"application\/ld+json\" class=\"yoast-schema-graph\">{\"@context\":\"https:\\\/\\\/schema.org\",\"@graph\":[{\"@type\":\"WebPage\",\"@id\":\"https:\\\/\\\/artssutton.com\\\/en\\\/exhibitions\\\/rsvp\\\/\",\"url\":\"https:\\\/\\\/artssutton.com\\\/en\\\/exhibitions\\\/rsvp\\\/\",\"name\":\"RSVP - Arts Sutton\",\"isPartOf\":{\"@id\":\"https:\\\/\\\/artssutton.com\\\/en\\\/#website\"},\"datePublished\":\"2021-06-02T16:07:20+00:00\",\"dateModified\":\"2021-06-02T16:08:33+00:00\",\"breadcrumb\":{\"@id\":\"https:\\\/\\\/artssutton.com\\\/en\\\/exhibitions\\\/rsvp\\\/#breadcrumb\"},\"inLanguage\":\"en-US\",\"potentialAction\":[{\"@type\":\"ReadAction\",\"target\":[\"https:\\\/\\\/artssutton.com\\\/en\\\/exhibitions\\\/rsvp\\\/\"]}]},{\"@type\":\"BreadcrumbList\",\"@id\":\"https:\\\/\\\/artssutton.com\\\/en\\\/exhibitions\\\/rsvp\\\/#breadcrumb\",\"itemListElement\":[{\"@type\":\"ListItem\",\"position\":1,\"name\":\"\",\"item\":\"https:\\\/\\\/artssutton.com\\\/en\\\/home\\\/\"},{\"@type\":\"ListItem\",\"position\":2,\"name\":\"Exhibitions\",\"item\":\"https:\\\/\\\/artssutton.com\\\/en\\\/exhibitions\\\/\"},{\"@type\":\"ListItem\",\"position\":3,\"name\":\"RSVP\"}]},{\"@type\":\"WebSite\",\"@id\":\"https:\\\/\\\/artssutton.com\\\/en\\\/#website\",\"url\":\"https:\\\/\\\/artssutton.com\\\/en\\\/\",\"name\":\"Arts Sutton\",\"description\":\"Vou\u00e9 \u00e0 la diffusion de la cr\u00e9ation contemporaine en arts visuels\",\"potentialAction\":[{\"@type\":\"SearchAction\",\"target\":{\"@type\":\"EntryPoint\",\"urlTemplate\":\"https:\\\/\\\/artssutton.com\\\/en\\\/?s={search_term_string}\"},\"query-input\":{\"@type\":\"PropertyValueSpecification\",\"valueRequired\":true,\"valueName\":\"search_term_string\"}}],\"inLanguage\":\"en-US\"}]}<\/script>\n<!-- \/ Yoast SEO plugin. -->","yoast_head_json":{"title":"RSVP - Arts Sutton","robots":{"index":"index","follow":"follow","max-snippet":"max-snippet:-1","max-image-preview":"max-image-preview:large","max-video-preview":"max-video-preview:-1"},"canonical":"https:\/\/artssutton.com\/en\/exhibitions\/rsvp\/","og_locale":"en_US","og_type":"article","og_title":"RSVP - Arts Sutton","og_description":"According to current health regulations, we accept a maximum of 5 people every 30 minutes. Each visit should start on time and end &#8211; out of respect for other visitors &#8211; 30 minutes later. Reservations are recommended.","og_url":"https:\/\/artssutton.com\/en\/exhibitions\/rsvp\/","og_site_name":"Arts Sutton","article_publisher":"https:\/\/www.facebook.com\/artsSutton","article_modified_time":"2021-06-02T16:08:33+00:00","og_image":[{"width":2400,"height":1260,"url":"https:\/\/artssutton.com\/wp-content\/uploads\/2019\/07\/Logo_couleur_B_O-FB2019-2400.png","type":"image\/png"}],"twitter_misc":{"Est. reading time":"1 minute"},"schema":{"@context":"https:\/\/schema.org","@graph":[{"@type":"WebPage","@id":"https:\/\/artssutton.com\/en\/exhibitions\/rsvp\/","url":"https:\/\/artssutton.com\/en\/exhibitions\/rsvp\/","name":"RSVP - Arts Sutton","isPartOf":{"@id":"https:\/\/artssutton.com\/en\/#website"},"datePublished":"2021-06-02T16:07:20+00:00","dateModified":"2021-06-02T16:08:33+00:00","breadcrumb":{"@id":"https:\/\/artssutton.com\/en\/exhibitions\/rsvp\/#breadcrumb"},"inLanguage":"en-US","potentialAction":[{"@type":"ReadAction","target":["https:\/\/artssutton.com\/en\/exhibitions\/rsvp\/"]}]},{"@type":"BreadcrumbList","@id":"https:\/\/artssutton.com\/en\/exhibitions\/rsvp\/#breadcrumb","itemListElement":[{"@type":"ListItem","position":1,"name":"","item":"https:\/\/artssutton.com\/en\/home\/"},{"@type":"ListItem","position":2,"name":"Exhibitions","item":"https:\/\/artssutton.com\/en\/exhibitions\/"},{"@type":"ListItem","position":3,"name":"RSVP"}]},{"@type":"WebSite","@id":"https:\/\/artssutton.com\/en\/#website","url":"https:\/\/artssutton.com\/en\/","name":"Arts Sutton","description":"Vou\u00e9 \u00e0 la diffusion de la cr\u00e9ation contemporaine en arts visuels","potentialAction":[{"@type":"SearchAction","target":{"@type":"EntryPoint","urlTemplate":"https:\/\/artssutton.com\/en\/?s={search_term_string}"},"query-input":{"@type":"PropertyValueSpecification","valueRequired":true,"valueName":"search_term_string"}}],"inLanguage":"en-US"}]}},"_links":{"self":[{"href":"https:\/\/artssutton.com\/en\/wp-json\/wp\/v2\/pages\/18600","targetHints":{"allow":["GET"]}}],"collection":[{"href":"https:\/\/artssutton.com\/en\/wp-json\/wp\/v2\/pages"}],"about":[{"href":"https:\/\/artssutton.com\/en\/wp-json\/wp\/v2\/types\/page"}],"author":[{"embeddable":true,"href":"https:\/\/artssutton.com\/en\/wp-json\/wp\/v2\/users\/105"}],"replies":[{"embeddable":true,"href":"https:\/\/artssutton.com\/en\/wp-json\/wp\/v2\/comments?post=18600"}],"version-history":[{"count":0,"href":"https:\/\/artssutton.com\/en\/wp-json\/wp\/v2\/pages\/18600\/revisions"}],"up":[{"embeddable":true,"href":"https:\/\/artssutton.com\/en\/wp-json\/wp\/v2\/pages\/718"}],"wp:attachment":[{"href":"https:\/\/artssutton.com\/en\/wp-json\/wp\/v2\/media?parent=18600"}],"curies":[{"name":"wp","href":"https:\/\/api.w.org\/{rel}","templated":true}]}}