{"id":18548,"date":"2021-05-19T13:58:39","date_gmt":"2021-05-19T17:58:39","guid":{"rendered":"https:\/\/artssutton.com\/?page_id=18548"},"modified":"2022-06-01T11:51:59","modified_gmt":"2022-06-01T15:51:59","slug":"tour-des-arts","status":"publish","type":"page","link":"https:\/\/artssutton.com\/en\/call-for-projects\/tour-des-arts\/","title":{"rendered":"Tour des Arts"},"content":{"rendered":"\n<h1>\n\t\tForm &#8211; Expo Tour des Arts\n\t<\/h1>\n\t<h3>\nSPACE FOR EACH ARTIST:<\/h3>\n<ul>\n<li>a space 4 feet wide and 7 feet high on a wall of the gallery will be reserved<\/li>\n<li>for up to three works<\/li>\n<li>each work must include a method to hang it on the wall with instructions if necessary<\/li>\n<li><strong>IMPORTANT<\/strong>: Please note that <strong>the number of columns is limited<\/strong>, please check with the gallery before submitting your works.<\/li>\n<\/ul>\n*<strong>Each piece must be for sale and must stay in the gallery throughout the exhibition<\/strong>; if, however, a buyer wishes to take his\/her work immediately, the gallery will tell the artist who may replace the work with another which must also be for sale.\n<p>The gallery will take 35% of the price of any sale and will pay the artist 65% within 3 weeks of the end of the Collective Exhibition.<\/p>\n\t\n<h3>\n\t\tYou are not an artist member of the Arts Sutton center?\n\t<\/h3>\n\t\t\t<a href=\"https:\/\/artssutton.com\/en\/gallery\/membership\/\" target=\"_self\" role=\"button\" rel=\"noopener\">\n\t\t\t\t\t\t\tBecome a member of Arts Sutton!\n\t\t\t\t\t<\/a>\n\n","protected":false},"excerpt":{"rendered":"<p>Form &#8211; Expo Tour des Arts SPACE FOR EACH ARTIST: a space 4 feet wide and 7 feet high on a wall of the gallery will be reserved for up to three works each work must include a method to hang it on the wall with instructions if necessary IMPORTANT: Please note that the number&hellip;<\/p>\n","protected":false},"author":105,"featured_media":0,"parent":158,"menu_order":0,"comment_status":"closed","ping_status":"closed","template":"","meta":{"_acf_changed":false,"footnotes":""},"class_list":["post-18548","page","type-page","status-publish","hentry"],"acf":[],"yoast_head":"<!-- This site is optimized with the Yoast SEO plugin v27.5 - https:\/\/yoast.com\/product\/yoast-seo-wordpress\/ -->\n<title>Tour des Arts - Arts Sutton<\/title>\n<meta name=\"robots\" content=\"index, follow, max-snippet:-1, max-image-preview:large, max-video-preview:-1\" \/>\n<link rel=\"canonical\" href=\"https:\/\/artssutton.com\/en\/call-for-projects\/tour-des-arts\/\" \/>\n<meta property=\"og:locale\" content=\"en_US\" \/>\n<meta property=\"og:type\" content=\"article\" \/>\n<meta property=\"og:title\" content=\"Tour des Arts - Arts Sutton\" \/>\n<meta property=\"og:description\" content=\"Form &#8211; Expo Tour des Arts SPACE FOR EACH ARTIST: a space 4 feet wide and 7 feet high on a wall of the gallery will be reserved for up to three works each work must include a method to hang it on the wall with instructions if necessary IMPORTANT: Please note that the number&hellip;\" \/>\n<meta property=\"og:url\" content=\"https:\/\/artssutton.com\/en\/call-for-projects\/tour-des-arts\/\" \/>\n<meta property=\"og:site_name\" content=\"Arts Sutton\" \/>\n<meta property=\"article:publisher\" content=\"https:\/\/www.facebook.com\/artsSutton\" \/>\n<meta property=\"article:modified_time\" content=\"2022-06-01T15:51:59+00:00\" \/>\n<meta property=\"og:image\" content=\"https:\/\/artssutton.com\/wp-content\/uploads\/2019\/07\/Logo_couleur_B_O-FB2019-2400.png\" \/>\n\t<meta property=\"og:image:width\" content=\"2400\" \/>\n\t<meta property=\"og:image:height\" content=\"1260\" \/>\n\t<meta property=\"og:image:type\" content=\"image\/png\" \/>\n<meta name=\"twitter:label1\" content=\"Est. reading time\" \/>\n\t<meta name=\"twitter:data1\" content=\"1 minute\" \/>\n<script type=\"application\/ld+json\" class=\"yoast-schema-graph\">{\"@context\":\"https:\\\/\\\/schema.org\",\"@graph\":[{\"@type\":\"WebPage\",\"@id\":\"https:\\\/\\\/artssutton.com\\\/en\\\/call-for-projects\\\/tour-des-arts\\\/\",\"url\":\"https:\\\/\\\/artssutton.com\\\/en\\\/call-for-projects\\\/tour-des-arts\\\/\",\"name\":\"Tour des Arts - Arts Sutton\",\"isPartOf\":{\"@id\":\"https:\\\/\\\/artssutton.com\\\/en\\\/#website\"},\"datePublished\":\"2021-05-19T17:58:39+00:00\",\"dateModified\":\"2022-06-01T15:51:59+00:00\",\"breadcrumb\":{\"@id\":\"https:\\\/\\\/artssutton.com\\\/en\\\/call-for-projects\\\/tour-des-arts\\\/#breadcrumb\"},\"inLanguage\":\"en-US\",\"potentialAction\":[{\"@type\":\"ReadAction\",\"target\":[\"https:\\\/\\\/artssutton.com\\\/en\\\/call-for-projects\\\/tour-des-arts\\\/\"]}]},{\"@type\":\"BreadcrumbList\",\"@id\":\"https:\\\/\\\/artssutton.com\\\/en\\\/call-for-projects\\\/tour-des-arts\\\/#breadcrumb\",\"itemListElement\":[{\"@type\":\"ListItem\",\"position\":1,\"name\":\"\",\"item\":\"https:\\\/\\\/artssutton.com\\\/en\\\/home\\\/\"},{\"@type\":\"ListItem\",\"position\":2,\"name\":\"Call for Projects\",\"item\":\"https:\\\/\\\/artssutton.com\\\/en\\\/call-for-projects\\\/\"},{\"@type\":\"ListItem\",\"position\":3,\"name\":\"Tour des Arts\"}]},{\"@type\":\"WebSite\",\"@id\":\"https:\\\/\\\/artssutton.com\\\/en\\\/#website\",\"url\":\"https:\\\/\\\/artssutton.com\\\/en\\\/\",\"name\":\"Arts Sutton\",\"description\":\"Vou\u00e9 \u00e0 la diffusion de la cr\u00e9ation contemporaine en arts visuels\",\"potentialAction\":[{\"@type\":\"SearchAction\",\"target\":{\"@type\":\"EntryPoint\",\"urlTemplate\":\"https:\\\/\\\/artssutton.com\\\/en\\\/?s={search_term_string}\"},\"query-input\":{\"@type\":\"PropertyValueSpecification\",\"valueRequired\":true,\"valueName\":\"search_term_string\"}}],\"inLanguage\":\"en-US\"}]}<\/script>\n<!-- \/ Yoast SEO plugin. -->","yoast_head_json":{"title":"Tour des Arts - Arts Sutton","robots":{"index":"index","follow":"follow","max-snippet":"max-snippet:-1","max-image-preview":"max-image-preview:large","max-video-preview":"max-video-preview:-1"},"canonical":"https:\/\/artssutton.com\/en\/call-for-projects\/tour-des-arts\/","og_locale":"en_US","og_type":"article","og_title":"Tour des Arts - Arts Sutton","og_description":"Form &#8211; Expo Tour des Arts SPACE FOR EACH ARTIST: a space 4 feet wide and 7 feet high on a wall of the gallery will be reserved for up to three works each work must include a method to hang it on the wall with instructions if necessary IMPORTANT: Please note that the number&hellip;","og_url":"https:\/\/artssutton.com\/en\/call-for-projects\/tour-des-arts\/","og_site_name":"Arts Sutton","article_publisher":"https:\/\/www.facebook.com\/artsSutton","article_modified_time":"2022-06-01T15:51:59+00:00","og_image":[{"width":2400,"height":1260,"url":"https:\/\/artssutton.com\/wp-content\/uploads\/2019\/07\/Logo_couleur_B_O-FB2019-2400.png","type":"image\/png"}],"twitter_misc":{"Est. reading time":"1 minute"},"schema":{"@context":"https:\/\/schema.org","@graph":[{"@type":"WebPage","@id":"https:\/\/artssutton.com\/en\/call-for-projects\/tour-des-arts\/","url":"https:\/\/artssutton.com\/en\/call-for-projects\/tour-des-arts\/","name":"Tour des Arts - Arts Sutton","isPartOf":{"@id":"https:\/\/artssutton.com\/en\/#website"},"datePublished":"2021-05-19T17:58:39+00:00","dateModified":"2022-06-01T15:51:59+00:00","breadcrumb":{"@id":"https:\/\/artssutton.com\/en\/call-for-projects\/tour-des-arts\/#breadcrumb"},"inLanguage":"en-US","potentialAction":[{"@type":"ReadAction","target":["https:\/\/artssutton.com\/en\/call-for-projects\/tour-des-arts\/"]}]},{"@type":"BreadcrumbList","@id":"https:\/\/artssutton.com\/en\/call-for-projects\/tour-des-arts\/#breadcrumb","itemListElement":[{"@type":"ListItem","position":1,"name":"","item":"https:\/\/artssutton.com\/en\/home\/"},{"@type":"ListItem","position":2,"name":"Call for Projects","item":"https:\/\/artssutton.com\/en\/call-for-projects\/"},{"@type":"ListItem","position":3,"name":"Tour des Arts"}]},{"@type":"WebSite","@id":"https:\/\/artssutton.com\/en\/#website","url":"https:\/\/artssutton.com\/en\/","name":"Arts Sutton","description":"Vou\u00e9 \u00e0 la diffusion de la cr\u00e9ation contemporaine en arts visuels","potentialAction":[{"@type":"SearchAction","target":{"@type":"EntryPoint","urlTemplate":"https:\/\/artssutton.com\/en\/?s={search_term_string}"},"query-input":{"@type":"PropertyValueSpecification","valueRequired":true,"valueName":"search_term_string"}}],"inLanguage":"en-US"}]}},"_links":{"self":[{"href":"https:\/\/artssutton.com\/en\/wp-json\/wp\/v2\/pages\/18548","targetHints":{"allow":["GET"]}}],"collection":[{"href":"https:\/\/artssutton.com\/en\/wp-json\/wp\/v2\/pages"}],"about":[{"href":"https:\/\/artssutton.com\/en\/wp-json\/wp\/v2\/types\/page"}],"author":[{"embeddable":true,"href":"https:\/\/artssutton.com\/en\/wp-json\/wp\/v2\/users\/105"}],"replies":[{"embeddable":true,"href":"https:\/\/artssutton.com\/en\/wp-json\/wp\/v2\/comments?post=18548"}],"version-history":[{"count":0,"href":"https:\/\/artssutton.com\/en\/wp-json\/wp\/v2\/pages\/18548\/revisions"}],"up":[{"embeddable":true,"href":"https:\/\/artssutton.com\/en\/wp-json\/wp\/v2\/pages\/158"}],"wp:attachment":[{"href":"https:\/\/artssutton.com\/en\/wp-json\/wp\/v2\/media?parent=18548"}],"curies":[{"name":"wp","href":"https:\/\/api.w.org\/{rel}","templated":true}]}}