{"id":17791,"date":"2020-09-18T08:35:45","date_gmt":"2020-09-18T12:35:45","guid":{"rendered":"https:\/\/artssutton.com\/?page_id=17791"},"modified":"2026-03-19T17:58:47","modified_gmt":"2026-03-19T21:58:47","slug":"les-rendez-vous-arts-sutton","status":"publish","type":"page","link":"https:\/\/artssutton.com\/en\/call-for-projects\/les-rendez-vous-arts-sutton\/","title":{"rendered":"Les rendez-vous Arts Sutton"},"content":{"rendered":"\n<h1>\n\t\t\tLes rendez-vous Arts Sutton\t<\/h1>\n\t<h2>7<sup>th<\/sup> edition &#8211; September 20 and 21, 2025<\/h2>\n<p>In collaboration with the <strong>Town of Sutton<\/strong>, <strong>Arts Sutton<\/strong> organized &#8220;Les rendez-vous Arts Sutton&#8221; every September, in the heart of the village with the mission of making cultural life flourish in contemporary and current art.<\/p>\n<p>This event is for artists of all disciplines and all levels, emerging, semi-professional and professional.<\/p>\n\t<ul>\n<li>Jury Prize $ 250<\/li>\n<li>People&#8217;s Choice Award<\/li>\n<\/ul>\n\t<h4>Jury Prize 2020<\/h4>\n<ul>\n<li>Sylvie Fournier<\/li>\n<\/ul>\n<h4>People&#8217;s Choice Award 2020<\/h4>\n<ul>\n<li>Ex-aequo: Manon Marchand and Luc Nadeau<\/li>\n<\/ul>\n\t\t\t<a href=\"https:\/\/artssutton.com\/en\/events\/rendez-vous-arts-sutton-2020\/\" target=\"_self\">\n\t\t\t\t\t\t\tSee the 2020 participants\n\t\t\t\t\t<\/a>\n<h3>\n\t\t\tOpening Hours\t<\/h3>\n\t<p>DATES<\/p>\n<p>Saturday September 20, 2025<\/p>\n<p>Sunday September 21, 2025<\/p>\n\t<p>HOURS<\/p>\n<p>from 10 am to 5 pm<\/p>\n<p>from 10 am to 5 pm<\/p>\n<h3>\n\t\t\tFees to exhibit\t<\/h3>\n\t<p>TYPE<\/p>\n<p>Arts Sutton Membre <\/p>\n<p>Non-membre<\/p>\n\t<p>FEE (to submit your application and reserve your space)<\/p>\n<p>$115 for exhibition fees (no fee for opening a file)<\/p>\n<p>$175 ($40 non-refundable application fee + $135 exhibition fee)<\/p>\n\t<h3>To subscribe<\/h3>\n<p>Interested artists in Rendez-vous Arts Sutton must complete the online registration form <strong>by August 1st, or until the maximum number of participants is reached<\/strong>.<\/p>\n<p><strong>Join us &#8211; space is limited!<\/strong><\/p>\n\t\t\t<a href=\"https:\/\/artssutton.com\/appels-de-dossiers\/les-rendez-vous-arts-sutton\/formulaire-les-rendez-vous\/\" target=\"_self\">\n\t\t\t\t\t\tRegister to the rendez-vous Arts Sutton (Form in french only)\n\t\t\t\t\t<\/a>\n\t<h3>Additional information<\/h3>\n<ul>\n<li>The artist must provide a tent of 10 &#8216;x 10&#8217; (maximum size accepted), hanging system, table and chair (s))<\/li>\n<li>The activity takes place on the lawn at John Sleeth Park.<\/li>\n<li>The installation of the marquees will be on Saturday, September 20 at 8 a.m.<\/li>\n<li>The participating artist must be <strong>present<\/strong> on the site and <strong>ready<\/strong> to welcome the public from 9:30 am on Saturday and Sunday.<\/li>\n<li>Dismantling will take place at the closing of the event (Sunday September 21 at 5 p.m.) for the greatest respect of visitors.<\/li>\n<li>A security guard will be on site to monitor the area during the closed hours between Saturday and Sunday.<\/li>\n<li>There is no electricity on site.<\/li>\n<li>An indoor area with access to washrooms, coffee, and snacks is available.<\/li>\n<\/ul>\n<h3>Contact<\/h3>\n450 538-2563<br \/>\ninfo@artssutton.com\n<h3>\n\t\t\tYou are not an artist member of the Arts Sutton centre?\t<\/h3>\n\t\t\t<a href=\"https:\/\/artssutton.com\/en\/gallery\/membership\/\" target=\"_self\">\n\t\t\t\t\t\t\tBecome a member of Arts Sutton!\n\t\t\t\t\t<\/a>\n\n","protected":false},"excerpt":{"rendered":"<p>Les rendez-vous Arts Sutton 7th edition &#8211; September 20 and 21, 2025 In collaboration with the Town of Sutton, Arts Sutton organized &#8220;Les rendez-vous Arts Sutton&#8221; every September, in the heart of the village with the mission of making cultural life flourish in contemporary and current art. This event is for artists of all disciplines&hellip;<\/p>\n","protected":false},"author":105,"featured_media":0,"parent":158,"menu_order":2100,"comment_status":"closed","ping_status":"closed","template":"","meta":{"_acf_changed":false,"footnotes":""},"class_list":["post-17791","page","type-page","status-publish","hentry"],"acf":[],"yoast_head":"<!-- This site is optimized with the Yoast SEO plugin v27.4 - https:\/\/yoast.com\/product\/yoast-seo-wordpress\/ -->\n<title>Les rendez-vous Arts Sutton - Arts Sutton<\/title>\n<meta name=\"robots\" content=\"index, follow, max-snippet:-1, max-image-preview:large, max-video-preview:-1\" \/>\n<link rel=\"canonical\" href=\"https:\/\/artssutton.com\/en\/call-for-projects\/les-rendez-vous-arts-sutton\/\" \/>\n<meta property=\"og:locale\" content=\"en_US\" \/>\n<meta property=\"og:type\" content=\"article\" \/>\n<meta property=\"og:title\" content=\"Les rendez-vous Arts Sutton - Arts Sutton\" \/>\n<meta property=\"og:description\" content=\"Les rendez-vous Arts Sutton 7th edition &#8211; September 20 and 21, 2025 In collaboration with the Town of Sutton, Arts Sutton organized &#8220;Les rendez-vous Arts Sutton&#8221; every September, in the heart of the village with the mission of making cultural life flourish in contemporary and current art. This event is for artists of all disciplines&hellip;\" \/>\n<meta property=\"og:url\" content=\"https:\/\/artssutton.com\/en\/call-for-projects\/les-rendez-vous-arts-sutton\/\" \/>\n<meta property=\"og:site_name\" content=\"Arts Sutton\" \/>\n<meta property=\"article:publisher\" content=\"https:\/\/www.facebook.com\/artsSutton\" \/>\n<meta property=\"article:modified_time\" content=\"2026-03-19T21:58:47+00:00\" \/>\n<meta property=\"og:image\" content=\"https:\/\/artssutton.com\/wp-content\/uploads\/2025\/06\/RV-2025-aout-FB-1024x552.jpg\" \/>\n<meta name=\"twitter:label1\" content=\"Est. reading time\" \/>\n\t<meta name=\"twitter:data1\" content=\"2 minutes\" \/>\n<script type=\"application\/ld+json\" class=\"yoast-schema-graph\">{\"@context\":\"https:\\\/\\\/schema.org\",\"@graph\":[{\"@type\":\"WebPage\",\"@id\":\"https:\\\/\\\/artssutton.com\\\/en\\\/call-for-projects\\\/les-rendez-vous-arts-sutton\\\/\",\"url\":\"https:\\\/\\\/artssutton.com\\\/en\\\/call-for-projects\\\/les-rendez-vous-arts-sutton\\\/\",\"name\":\"Les rendez-vous Arts Sutton - Arts Sutton\",\"isPartOf\":{\"@id\":\"https:\\\/\\\/artssutton.com\\\/en\\\/#website\"},\"datePublished\":\"2020-09-18T12:35:45+00:00\",\"dateModified\":\"2026-03-19T21:58:47+00:00\",\"breadcrumb\":{\"@id\":\"https:\\\/\\\/artssutton.com\\\/en\\\/call-for-projects\\\/les-rendez-vous-arts-sutton\\\/#breadcrumb\"},\"inLanguage\":\"en-US\",\"potentialAction\":[{\"@type\":\"ReadAction\",\"target\":[\"https:\\\/\\\/artssutton.com\\\/en\\\/call-for-projects\\\/les-rendez-vous-arts-sutton\\\/\"]}]},{\"@type\":\"BreadcrumbList\",\"@id\":\"https:\\\/\\\/artssutton.com\\\/en\\\/call-for-projects\\\/les-rendez-vous-arts-sutton\\\/#breadcrumb\",\"itemListElement\":[{\"@type\":\"ListItem\",\"position\":1,\"name\":\"\",\"item\":\"https:\\\/\\\/artssutton.com\\\/en\\\/home\\\/\"},{\"@type\":\"ListItem\",\"position\":2,\"name\":\"Call for Projects\",\"item\":\"https:\\\/\\\/artssutton.com\\\/en\\\/call-for-projects\\\/\"},{\"@type\":\"ListItem\",\"position\":3,\"name\":\"Les rendez-vous Arts Sutton\"}]},{\"@type\":\"WebSite\",\"@id\":\"https:\\\/\\\/artssutton.com\\\/en\\\/#website\",\"url\":\"https:\\\/\\\/artssutton.com\\\/en\\\/\",\"name\":\"Arts Sutton\",\"description\":\"Vou\u00e9 \u00e0 la diffusion de la cr\u00e9ation contemporaine en arts visuels\",\"potentialAction\":[{\"@type\":\"SearchAction\",\"target\":{\"@type\":\"EntryPoint\",\"urlTemplate\":\"https:\\\/\\\/artssutton.com\\\/en\\\/?s={search_term_string}\"},\"query-input\":{\"@type\":\"PropertyValueSpecification\",\"valueRequired\":true,\"valueName\":\"search_term_string\"}}],\"inLanguage\":\"en-US\"}]}<\/script>\n<!-- \/ Yoast SEO plugin. -->","yoast_head_json":{"title":"Les rendez-vous Arts Sutton - Arts Sutton","robots":{"index":"index","follow":"follow","max-snippet":"max-snippet:-1","max-image-preview":"max-image-preview:large","max-video-preview":"max-video-preview:-1"},"canonical":"https:\/\/artssutton.com\/en\/call-for-projects\/les-rendez-vous-arts-sutton\/","og_locale":"en_US","og_type":"article","og_title":"Les rendez-vous Arts Sutton - Arts Sutton","og_description":"Les rendez-vous Arts Sutton 7th edition &#8211; September 20 and 21, 2025 In collaboration with the Town of Sutton, Arts Sutton organized &#8220;Les rendez-vous Arts Sutton&#8221; every September, in the heart of the village with the mission of making cultural life flourish in contemporary and current art. This event is for artists of all disciplines&hellip;","og_url":"https:\/\/artssutton.com\/en\/call-for-projects\/les-rendez-vous-arts-sutton\/","og_site_name":"Arts Sutton","article_publisher":"https:\/\/www.facebook.com\/artsSutton","article_modified_time":"2026-03-19T21:58:47+00:00","og_image":[{"url":"https:\/\/artssutton.com\/wp-content\/uploads\/2025\/06\/RV-2025-aout-FB-1024x552.jpg","type":"","width":"","height":""}],"twitter_misc":{"Est. reading time":"2 minutes"},"schema":{"@context":"https:\/\/schema.org","@graph":[{"@type":"WebPage","@id":"https:\/\/artssutton.com\/en\/call-for-projects\/les-rendez-vous-arts-sutton\/","url":"https:\/\/artssutton.com\/en\/call-for-projects\/les-rendez-vous-arts-sutton\/","name":"Les rendez-vous Arts Sutton - Arts Sutton","isPartOf":{"@id":"https:\/\/artssutton.com\/en\/#website"},"datePublished":"2020-09-18T12:35:45+00:00","dateModified":"2026-03-19T21:58:47+00:00","breadcrumb":{"@id":"https:\/\/artssutton.com\/en\/call-for-projects\/les-rendez-vous-arts-sutton\/#breadcrumb"},"inLanguage":"en-US","potentialAction":[{"@type":"ReadAction","target":["https:\/\/artssutton.com\/en\/call-for-projects\/les-rendez-vous-arts-sutton\/"]}]},{"@type":"BreadcrumbList","@id":"https:\/\/artssutton.com\/en\/call-for-projects\/les-rendez-vous-arts-sutton\/#breadcrumb","itemListElement":[{"@type":"ListItem","position":1,"name":"","item":"https:\/\/artssutton.com\/en\/home\/"},{"@type":"ListItem","position":2,"name":"Call for Projects","item":"https:\/\/artssutton.com\/en\/call-for-projects\/"},{"@type":"ListItem","position":3,"name":"Les rendez-vous Arts Sutton"}]},{"@type":"WebSite","@id":"https:\/\/artssutton.com\/en\/#website","url":"https:\/\/artssutton.com\/en\/","name":"Arts Sutton","description":"Vou\u00e9 \u00e0 la diffusion de la cr\u00e9ation contemporaine en arts visuels","potentialAction":[{"@type":"SearchAction","target":{"@type":"EntryPoint","urlTemplate":"https:\/\/artssutton.com\/en\/?s={search_term_string}"},"query-input":{"@type":"PropertyValueSpecification","valueRequired":true,"valueName":"search_term_string"}}],"inLanguage":"en-US"}]}},"_links":{"self":[{"href":"https:\/\/artssutton.com\/en\/wp-json\/wp\/v2\/pages\/17791","targetHints":{"allow":["GET"]}}],"collection":[{"href":"https:\/\/artssutton.com\/en\/wp-json\/wp\/v2\/pages"}],"about":[{"href":"https:\/\/artssutton.com\/en\/wp-json\/wp\/v2\/types\/page"}],"author":[{"embeddable":true,"href":"https:\/\/artssutton.com\/en\/wp-json\/wp\/v2\/users\/105"}],"replies":[{"embeddable":true,"href":"https:\/\/artssutton.com\/en\/wp-json\/wp\/v2\/comments?post=17791"}],"version-history":[{"count":1,"href":"https:\/\/artssutton.com\/en\/wp-json\/wp\/v2\/pages\/17791\/revisions"}],"predecessor-version":[{"id":26881,"href":"https:\/\/artssutton.com\/en\/wp-json\/wp\/v2\/pages\/17791\/revisions\/26881"}],"up":[{"embeddable":true,"href":"https:\/\/artssutton.com\/en\/wp-json\/wp\/v2\/pages\/158"}],"wp:attachment":[{"href":"https:\/\/artssutton.com\/en\/wp-json\/wp\/v2\/media?parent=17791"}],"curies":[{"name":"wp","href":"https:\/\/api.w.org\/{rel}","templated":true}]}}