{"id":158,"date":"2015-04-29T21:55:23","date_gmt":"2015-04-29T21:55:23","guid":{"rendered":"https:\/\/artssutton.com\/?page_id=158"},"modified":"2026-03-19T18:02:46","modified_gmt":"2026-03-19T22:02:46","slug":"call-for-projects","status":"publish","type":"page","link":"https:\/\/artssutton.com\/en\/call-for-projects\/","title":{"rendered":"Call for Projects"},"content":{"rendered":"\n\n\t\t<h2><a href=\"https:\/\/artssutton.com\/appels-de-dossiers\/appel-de-dossier-programmation\/\" target=\"_self\">2027 &#8211; Programming &#8211; Expo Solo<\/a><\/h2><h3>Information to come<\/h3>\n<!-- L'appel de dossiers est en vigueur jusqu'au <strong>1er juillet 2025 \u00e0 23 h 59<\/strong>. --><!--L'appel de dossier est termin\u00e9.--><br \/>\n<!-- Nous vous invitons \u00e0 lire les informations d\u00e9taill\u00e9es et compl\u00e9ter le formulaire.-->\n\t\t\t<a href=\"https:\/\/artssutton.com\/appels-de-dossiers\/appel-de-dossier-programmation\/\"  target=\"_self\">\n\t\t\t\t\t\tRead the detailed information and fill in the form\n\t\t\t\t\t<\/a>\n\t\t<h2><a href=\"https:\/\/artssutton.com\/appels-de-dossiers\/appel-de-dossier-espace-claire-leger\/\" target=\"_self\">Espace Claire-L\u00e9ger<\/a><\/h2><p>This opportunity is reserved for artists who are active members of the gallery, regardless of artistic discipline. We are seeking high-quality proposals that reflect the richness of contemporary and current art.<!-- Vous pouvez vous inscrire en tout temps.--><\/p>\n<p>How to become a member? <a href=\"https:\/\/artssutton.com\/en\/gallery\/membership\/\">You can subscribe here!<\/a><\/p>\n<p>Submission Deadline:<b> information to come<\/b><br \/>Exhibition Dates:<b> information to come<\/b><\/p>\n\t\t\t<a href=\"https:\/\/artssutton.com\/appels-de-dossiers\/appel-de-dossier-espace-claire-leger\/\"  target=\"_self\">\n\t\t\t\t\t\tRead the detailed information and fill in the form\n\t\t\t\t\t<\/a>\n\t\t<h2><a href=\"https:\/\/artssutton.com\/formulaire-proposition-atelier-conference\/\" target=\"_self\">Artistic Workshops &amp; Lectures<\/a><\/h2><p>As part of its program of activities, Arts Sutton is looking for enthusiastic and creative artists who would like to offer artistic training to our members and, more broadly, to the region&#8217;s community.<\/p>\n<p><!--<strong>NOUS SOMMES COMPLETS, l'inscription est termin\u00e9e.<\/strong>--><\/p>\n\t\t\t<a href=\"https:\/\/artssutton.com\/formulaire-proposition-atelier-conference\/\"  target=\"_self\">\n\t\t\t\t\t\tRead the the details\n\t\t\t\t\t<\/a>\n\t<figure itemscope itemtype=\"https:\/\/schema.org\/ImageObject\">\n\t\t\t\t<a href=\"https:\/\/artssutton.com\/formulaire-proposition-atelier-conference\/\"  target=\"_self\" itemprop=\"url\">\n\t\t\t\t<img decoding=\"async\" src=\"https:\/\/artssutton.com\/wp-content\/uploads\/2024\/02\/Yolande-Brouillard-atelier-conference-Arts-Sutton.jpg\" alt=\"Yolande-Brouillard-atelier-conference-Arts-Sutton\" height=\"800\" width=\"1200\" title=\"Yolande-Brouillard-atelier-conference-Arts-Sutton\" onerror=\"this.style.display='none'\" loading=\"lazy\" \/>\n\t\t\t\t<\/a>\n\t<\/figure>\n\t\t<h2>Members&#8217; Collective Exhibition<\/h2><p>Two group exhibitions of our artist members take place in the main room.<strong> Participants in the thematic exhibition are selected by a jury, while the Expo-concours is held on a first-come, first-served basis.<\/strong><\/p>\n<p>Artists in contemporary art can <a href=\"https:\/\/artssutton.com\/en\/gallery\/membership\/\">become members<\/a> on this website. Welcome everyone! <\/p>\n\t\t<h3><a href=\"https:\/\/artssutton.com\/appels-de-dossiers\/collectif-des-membres\/\" target=\"_self\">Members&#8217; Collective Exhibition<\/a><\/h3><h3><em>Regards\/Gazes<\/em><\/h3>\n<p><b>From March 5 to April 6<\/b><\/p>\n<p>Every year, Arts Sutton hosts one of the two group exhibitions open to all member artists in good standing, regardless of their artistic discipline.<\/p>\n<p><strong>Submission Deadline: February 9, 2026, at 11:59 p.m.<\/strong><\/p>\n<!--L'appel de dossier est maintenant termin\u00e9, nous avons atteint le nombre limite de candidatures. Merci \u00e0 la prochaine!\n<p>Les artistes pourront remplir le formulaire d'inscription \u00e0 compter du <strong>lundi 27 mars 2023<\/strong>.<\/p>\n-->\n\t\t\t<a href=\"https:\/\/artssutton.com\/appels-de-dossiers\/collectif-des-membres\/\"  target=\"_self\">\n\t\t\t\t\t\tRead the detailed information and fill in the form\n\t\t\t\t\t<\/a>\n\t<figure itemscope itemtype=\"https:\/\/schema.org\/ImageObject\">\n\t\t\t\t<a href=\"https:\/\/artssutton.com\/appels-de-dossiers\/collectif-des-membres\/\"  target=\"_self\" itemprop=\"url\">\n\t\t\t\t<img decoding=\"async\" src=\"https:\/\/artssutton.com\/wp-content\/uploads\/2025\/11\/Arts-Sutton-expo-collective-mars.jpg\" alt=\"Arts-Sutton-expo-collective-mars\" height=\"630\" width=\"1562\" title=\"Arts-Sutton-expo-collective-mars\" onerror=\"this.style.display='none'\" loading=\"lazy\" \/>\n\t\t\t\t<\/a>\n\t<\/figure>\n\t\t<h2><a href=\"https:\/\/artssutton.com\/appels-de-dossiers\/les-rendez-vous-arts-sutton\/\" target=\"_self\">Les rendez-vous Arts Sutton<\/a><\/h2><p>October 2026<\/p>\n<p>In collaboration with the Town of Sutton, Arts Sutton organized &#8220;Les rendez-vous Arts Sutton&#8221; every September, in the heart of the village with the mission of making cultural life flourish in contemporary and current art.<\/p>\n<p>This event is opened to artists of all disciplines and all levels, emerging, semi-professional and professional.<\/p>\nSubmission Deadline:<strong> August 31st, 2026<\/strong> or until the participant limit is reached.<br \/>\n<strong>Join us &#8211; space is limited!<\/strong>\n<p><!--<strong>NOUS SOMMES COMPLETS, l'inscription est termin\u00e9e.<\/strong>--><\/p>\n\t\t\t<a href=\"https:\/\/artssutton.com\/appels-de-dossiers\/les-rendez-vous-arts-sutton\/\"  target=\"_self\">\n\t\t\t\t\t\tRead the the details\n\t\t\t\t\t<\/a>\n\t<figure itemscope itemtype=\"https:\/\/schema.org\/ImageObject\">\n\t\t\t\t<a href=\"https:\/\/artssutton.com\/appels-de-dossiers\/les-rendez-vous-arts-sutton\/\"  target=\"_self\" itemprop=\"url\">\n\t\t\t\t<img decoding=\"async\" src=\"https:\/\/artssutton.com\/wp-content\/uploads\/2021\/01\/RV-2020_DParent.jpg\" alt=\"Rendez-vous Arts Sutton 2020\" height=\"720\" width=\"960\" title=\"Rendez-vous Arts Sutton 2020\" onerror=\"this.style.display='none'\" loading=\"lazy\" \/>\n\t\t\t\t<\/a>\n\t<\/figure>\n<h3>\n\t\t\tVous n&#8217;\u00eates pas un membre artiste du centre d&#8217;Arts Sutton ?\t<\/h3>\n\t\t\t<a href=\"https:\/\/artssutton.com\/galerie\/adhesion\/\"  target=\"_self\">\n\t\t\t\t\t\t\tDevenez membre d&#8217;Arts Sutton!\n\t\t\t\t\t<\/a>\n\n","protected":false},"excerpt":{"rendered":"<p>2027 &#8211; Programming &#8211; Expo Solo Information to come Read the detailed information and fill in the form Espace Claire-L\u00e9ger This opportunity is reserved for artists who are active members of the gallery, regardless of artistic discipline. We are seeking high-quality proposals that reflect the richness of contemporary and current art. How to become a&hellip;<\/p>\n","protected":false},"author":105,"featured_media":0,"parent":0,"menu_order":2000,"comment_status":"closed","ping_status":"closed","template":"","meta":{"_acf_changed":false,"footnotes":""},"class_list":["post-158","page","type-page","status-publish","hentry"],"acf":[],"yoast_head":"<!-- This site is optimized with the Yoast SEO plugin v27.3 - https:\/\/yoast.com\/product\/yoast-seo-wordpress\/ -->\n<title>Call for Projects - Arts Sutton<\/title>\n<meta name=\"robots\" content=\"index, follow, max-snippet:-1, max-image-preview:large, max-video-preview:-1\" \/>\n<link rel=\"canonical\" href=\"https:\/\/artssutton.com\/en\/call-for-projects\/\" \/>\n<meta property=\"og:locale\" content=\"en_US\" \/>\n<meta property=\"og:type\" content=\"article\" \/>\n<meta property=\"og:title\" content=\"Call for Projects - Arts Sutton\" \/>\n<meta property=\"og:description\" content=\"2027 &#8211; Programming &#8211; Expo Solo Information to come Read the detailed information and fill in the form Espace Claire-L\u00e9ger This opportunity is reserved for artists who are active members of the gallery, regardless of artistic discipline. We are seeking high-quality proposals that reflect the richness of contemporary and current art. How to become a&hellip;\" \/>\n<meta property=\"og:url\" content=\"https:\/\/artssutton.com\/en\/call-for-projects\/\" \/>\n<meta property=\"og:site_name\" content=\"Arts Sutton\" \/>\n<meta property=\"article:publisher\" content=\"https:\/\/www.facebook.com\/artsSutton\" \/>\n<meta property=\"article:modified_time\" content=\"2026-03-19T22:02:46+00:00\" \/>\n<meta property=\"og:image\" content=\"https:\/\/artssutton.com\/wp-content\/uploads\/2024\/02\/Yolande-Brouillard-atelier-conference-Arts-Sutton.jpg\" \/>\n<meta name=\"twitter:label1\" content=\"Est. reading time\" \/>\n\t<meta name=\"twitter:data1\" content=\"3 minutes\" \/>\n<script type=\"application\/ld+json\" class=\"yoast-schema-graph\">{\"@context\":\"https:\\\/\\\/schema.org\",\"@graph\":[{\"@type\":\"WebPage\",\"@id\":\"https:\\\/\\\/artssutton.com\\\/en\\\/call-for-projects\\\/\",\"url\":\"https:\\\/\\\/artssutton.com\\\/en\\\/call-for-projects\\\/\",\"name\":\"Call for Projects - Arts Sutton\",\"isPartOf\":{\"@id\":\"https:\\\/\\\/artssutton.com\\\/en\\\/#website\"},\"primaryImageOfPage\":{\"@id\":\"https:\\\/\\\/artssutton.com\\\/en\\\/call-for-projects\\\/#primaryimage\"},\"image\":{\"@id\":\"https:\\\/\\\/artssutton.com\\\/en\\\/call-for-projects\\\/#primaryimage\"},\"thumbnailUrl\":\"https:\\\/\\\/artssutton.com\\\/wp-content\\\/uploads\\\/2024\\\/02\\\/Yolande-Brouillard-atelier-conference-Arts-Sutton.jpg\",\"datePublished\":\"2015-04-29T21:55:23+00:00\",\"dateModified\":\"2026-03-19T22:02:46+00:00\",\"breadcrumb\":{\"@id\":\"https:\\\/\\\/artssutton.com\\\/en\\\/call-for-projects\\\/#breadcrumb\"},\"inLanguage\":\"en-US\",\"potentialAction\":[{\"@type\":\"ReadAction\",\"target\":[\"https:\\\/\\\/artssutton.com\\\/en\\\/call-for-projects\\\/\"]}]},{\"@type\":\"ImageObject\",\"inLanguage\":\"en-US\",\"@id\":\"https:\\\/\\\/artssutton.com\\\/en\\\/call-for-projects\\\/#primaryimage\",\"url\":\"https:\\\/\\\/artssutton.com\\\/wp-content\\\/uploads\\\/2024\\\/02\\\/Yolande-Brouillard-atelier-conference-Arts-Sutton.jpg\",\"contentUrl\":\"https:\\\/\\\/artssutton.com\\\/wp-content\\\/uploads\\\/2024\\\/02\\\/Yolande-Brouillard-atelier-conference-Arts-Sutton.jpg\"},{\"@type\":\"BreadcrumbList\",\"@id\":\"https:\\\/\\\/artssutton.com\\\/en\\\/call-for-projects\\\/#breadcrumb\",\"itemListElement\":[{\"@type\":\"ListItem\",\"position\":1,\"name\":\"\",\"item\":\"https:\\\/\\\/artssutton.com\\\/en\\\/home\\\/\"},{\"@type\":\"ListItem\",\"position\":2,\"name\":\"Call for Projects\"}]},{\"@type\":\"WebSite\",\"@id\":\"https:\\\/\\\/artssutton.com\\\/en\\\/#website\",\"url\":\"https:\\\/\\\/artssutton.com\\\/en\\\/\",\"name\":\"Arts Sutton\",\"description\":\"Vou\u00e9 \u00e0 la diffusion de la cr\u00e9ation contemporaine en arts visuels\",\"potentialAction\":[{\"@type\":\"SearchAction\",\"target\":{\"@type\":\"EntryPoint\",\"urlTemplate\":\"https:\\\/\\\/artssutton.com\\\/en\\\/?s={search_term_string}\"},\"query-input\":{\"@type\":\"PropertyValueSpecification\",\"valueRequired\":true,\"valueName\":\"search_term_string\"}}],\"inLanguage\":\"en-US\"}]}<\/script>\n<!-- \/ Yoast SEO plugin. -->","yoast_head_json":{"title":"Call for Projects - Arts Sutton","robots":{"index":"index","follow":"follow","max-snippet":"max-snippet:-1","max-image-preview":"max-image-preview:large","max-video-preview":"max-video-preview:-1"},"canonical":"https:\/\/artssutton.com\/en\/call-for-projects\/","og_locale":"en_US","og_type":"article","og_title":"Call for Projects - Arts Sutton","og_description":"2027 &#8211; Programming &#8211; Expo Solo Information to come Read the detailed information and fill in the form Espace Claire-L\u00e9ger This opportunity is reserved for artists who are active members of the gallery, regardless of artistic discipline. We are seeking high-quality proposals that reflect the richness of contemporary and current art. How to become a&hellip;","og_url":"https:\/\/artssutton.com\/en\/call-for-projects\/","og_site_name":"Arts Sutton","article_publisher":"https:\/\/www.facebook.com\/artsSutton","article_modified_time":"2026-03-19T22:02:46+00:00","og_image":[{"url":"https:\/\/artssutton.com\/wp-content\/uploads\/2024\/02\/Yolande-Brouillard-atelier-conference-Arts-Sutton.jpg","type":"","width":"","height":""}],"twitter_misc":{"Est. reading time":"3 minutes"},"schema":{"@context":"https:\/\/schema.org","@graph":[{"@type":"WebPage","@id":"https:\/\/artssutton.com\/en\/call-for-projects\/","url":"https:\/\/artssutton.com\/en\/call-for-projects\/","name":"Call for Projects - Arts Sutton","isPartOf":{"@id":"https:\/\/artssutton.com\/en\/#website"},"primaryImageOfPage":{"@id":"https:\/\/artssutton.com\/en\/call-for-projects\/#primaryimage"},"image":{"@id":"https:\/\/artssutton.com\/en\/call-for-projects\/#primaryimage"},"thumbnailUrl":"https:\/\/artssutton.com\/wp-content\/uploads\/2024\/02\/Yolande-Brouillard-atelier-conference-Arts-Sutton.jpg","datePublished":"2015-04-29T21:55:23+00:00","dateModified":"2026-03-19T22:02:46+00:00","breadcrumb":{"@id":"https:\/\/artssutton.com\/en\/call-for-projects\/#breadcrumb"},"inLanguage":"en-US","potentialAction":[{"@type":"ReadAction","target":["https:\/\/artssutton.com\/en\/call-for-projects\/"]}]},{"@type":"ImageObject","inLanguage":"en-US","@id":"https:\/\/artssutton.com\/en\/call-for-projects\/#primaryimage","url":"https:\/\/artssutton.com\/wp-content\/uploads\/2024\/02\/Yolande-Brouillard-atelier-conference-Arts-Sutton.jpg","contentUrl":"https:\/\/artssutton.com\/wp-content\/uploads\/2024\/02\/Yolande-Brouillard-atelier-conference-Arts-Sutton.jpg"},{"@type":"BreadcrumbList","@id":"https:\/\/artssutton.com\/en\/call-for-projects\/#breadcrumb","itemListElement":[{"@type":"ListItem","position":1,"name":"","item":"https:\/\/artssutton.com\/en\/home\/"},{"@type":"ListItem","position":2,"name":"Call for Projects"}]},{"@type":"WebSite","@id":"https:\/\/artssutton.com\/en\/#website","url":"https:\/\/artssutton.com\/en\/","name":"Arts Sutton","description":"Vou\u00e9 \u00e0 la diffusion de la cr\u00e9ation contemporaine en arts visuels","potentialAction":[{"@type":"SearchAction","target":{"@type":"EntryPoint","urlTemplate":"https:\/\/artssutton.com\/en\/?s={search_term_string}"},"query-input":{"@type":"PropertyValueSpecification","valueRequired":true,"valueName":"search_term_string"}}],"inLanguage":"en-US"}]}},"_links":{"self":[{"href":"https:\/\/artssutton.com\/en\/wp-json\/wp\/v2\/pages\/158","targetHints":{"allow":["GET"]}}],"collection":[{"href":"https:\/\/artssutton.com\/en\/wp-json\/wp\/v2\/pages"}],"about":[{"href":"https:\/\/artssutton.com\/en\/wp-json\/wp\/v2\/types\/page"}],"author":[{"embeddable":true,"href":"https:\/\/artssutton.com\/en\/wp-json\/wp\/v2\/users\/105"}],"replies":[{"embeddable":true,"href":"https:\/\/artssutton.com\/en\/wp-json\/wp\/v2\/comments?post=158"}],"version-history":[{"count":9,"href":"https:\/\/artssutton.com\/en\/wp-json\/wp\/v2\/pages\/158\/revisions"}],"predecessor-version":[{"id":27722,"href":"https:\/\/artssutton.com\/en\/wp-json\/wp\/v2\/pages\/158\/revisions\/27722"}],"wp:attachment":[{"href":"https:\/\/artssutton.com\/en\/wp-json\/wp\/v2\/media?parent=158"}],"curies":[{"name":"wp","href":"https:\/\/api.w.org\/{rel}","templated":true}]}}