{"id":1326,"date":"2015-12-09T10:00:49","date_gmt":"2015-12-09T15:00:49","guid":{"rendered":"https:\/\/artssutton.com\/en\/?page_id=1326"},"modified":"2025-10-13T16:43:12","modified_gmt":"2025-10-13T20:43:12","slug":"programming","status":"publish","type":"page","link":"https:\/\/artssutton.com\/en\/exhibitions\/programming\/","title":{"rendered":"Programming"},"content":{"rendered":"\n<h1>\n\t\t\tProgramming\t<\/h1>\n<h2>\n\t\t\tCurrent &amp; Upcoming Exhibitions\t<\/h2>\n<h2  id=\"espacecl\">\n\t\t\tEspace Claire-L\u00e9ger\t<\/h2>\n<h2  id=\"conference\">\n\t\t\tUpcoming conference-workshops\t<\/h2>\n<h2>\n\t\t\tPast Exhibitions\t<\/h2>\n\t\t\t<a href=\"https:\/\/artssutton.com\/en\/exhibitions\/archives\/\" target=\"_self\">\n\t\t\t\t\t\t\tVisit our archives\n\t\t\t\t\t<\/a>\n<h4>\n\t\t<a href=\"https:\/\/artssutton.com\/en\/gallery\/membership\/\" title=\"Did you know that Arts Sutton members enjoy the benefit of a 10% rebate on the purchase of artwork presented at the Gallery?\"  target=\"_self\">\n\t\t\tDid you know that Arts Sutton members enjoy the benefit of a 10% rebate on the purchase of artwork presented at the Gallery?\t\t<\/a>\n\t<\/h4>\n\t\t\t<a href=\"https:\/\/artssutton.com\/en\/gallery\/membership\/\" target=\"_self\">\n\t\t\t\t\t\t\tBecome a member of Arts Sutton!\n\t\t\t\t\t<\/a>\n\n","protected":false},"excerpt":{"rendered":"<p>Programming Current &amp; Upcoming Exhibitions Espace Claire-L\u00e9ger Upcoming conference-workshops Past Exhibitions Visit our archives Did you know that Arts Sutton members enjoy the benefit of a 10% rebate on the purchase of artwork presented at the Gallery? Become a member of Arts Sutton!<\/p>\n","protected":false},"author":105,"featured_media":0,"parent":718,"menu_order":1500,"comment_status":"closed","ping_status":"closed","template":"","meta":{"_acf_changed":false,"footnotes":""},"class_list":["post-1326","page","type-page","status-publish","hentry"],"acf":[],"yoast_head":"<!-- This site is optimized with the Yoast SEO plugin v27.3 - https:\/\/yoast.com\/product\/yoast-seo-wordpress\/ -->\n<title>Programming - Arts Sutton<\/title>\n<meta name=\"robots\" content=\"index, follow, max-snippet:-1, max-image-preview:large, max-video-preview:-1\" \/>\n<link rel=\"canonical\" href=\"https:\/\/artssutton.com\/en\/exhibitions\/programming\/\" \/>\n<meta property=\"og:locale\" content=\"en_US\" \/>\n<meta property=\"og:type\" content=\"article\" \/>\n<meta property=\"og:title\" content=\"Programming - Arts Sutton\" \/>\n<meta property=\"og:description\" content=\"Programming Current &amp; Upcoming Exhibitions Espace Claire-L\u00e9ger Upcoming conference-workshops Past Exhibitions Visit our archives Did you know that Arts Sutton members enjoy the benefit of a 10% rebate on the purchase of artwork presented at the Gallery? Become a member of Arts Sutton!\" \/>\n<meta property=\"og:url\" content=\"https:\/\/artssutton.com\/en\/exhibitions\/programming\/\" \/>\n<meta property=\"og:site_name\" content=\"Arts Sutton\" \/>\n<meta property=\"article:publisher\" content=\"https:\/\/www.facebook.com\/artsSutton\" \/>\n<meta property=\"article:modified_time\" content=\"2025-10-13T20:43:12+00:00\" \/>\n<meta property=\"og:image\" content=\"https:\/\/artssutton.com\/wp-content\/uploads\/2019\/07\/Logo_couleur_B_O-FB2019-2400.png\" \/>\n\t<meta property=\"og:image:width\" content=\"2400\" \/>\n\t<meta property=\"og:image:height\" content=\"1260\" \/>\n\t<meta property=\"og:image:type\" content=\"image\/png\" \/>\n<script type=\"application\/ld+json\" class=\"yoast-schema-graph\">{\"@context\":\"https:\\\/\\\/schema.org\",\"@graph\":[{\"@type\":\"WebPage\",\"@id\":\"https:\\\/\\\/artssutton.com\\\/en\\\/exhibitions\\\/programming\\\/\",\"url\":\"https:\\\/\\\/artssutton.com\\\/en\\\/exhibitions\\\/programming\\\/\",\"name\":\"Programming - Arts Sutton\",\"isPartOf\":{\"@id\":\"https:\\\/\\\/artssutton.com\\\/en\\\/#website\"},\"datePublished\":\"2015-12-09T15:00:49+00:00\",\"dateModified\":\"2025-10-13T20:43:12+00:00\",\"breadcrumb\":{\"@id\":\"https:\\\/\\\/artssutton.com\\\/en\\\/exhibitions\\\/programming\\\/#breadcrumb\"},\"inLanguage\":\"en-US\",\"potentialAction\":[{\"@type\":\"ReadAction\",\"target\":[\"https:\\\/\\\/artssutton.com\\\/en\\\/exhibitions\\\/programming\\\/\"]}]},{\"@type\":\"BreadcrumbList\",\"@id\":\"https:\\\/\\\/artssutton.com\\\/en\\\/exhibitions\\\/programming\\\/#breadcrumb\",\"itemListElement\":[{\"@type\":\"ListItem\",\"position\":1,\"name\":\"\",\"item\":\"https:\\\/\\\/artssutton.com\\\/en\\\/home\\\/\"},{\"@type\":\"ListItem\",\"position\":2,\"name\":\"Exhibitions\",\"item\":\"https:\\\/\\\/artssutton.com\\\/en\\\/exhibitions\\\/\"},{\"@type\":\"ListItem\",\"position\":3,\"name\":\"Programming\"}]},{\"@type\":\"WebSite\",\"@id\":\"https:\\\/\\\/artssutton.com\\\/en\\\/#website\",\"url\":\"https:\\\/\\\/artssutton.com\\\/en\\\/\",\"name\":\"Arts Sutton\",\"description\":\"Vou\u00e9 \u00e0 la diffusion de la cr\u00e9ation contemporaine en arts visuels\",\"potentialAction\":[{\"@type\":\"SearchAction\",\"target\":{\"@type\":\"EntryPoint\",\"urlTemplate\":\"https:\\\/\\\/artssutton.com\\\/en\\\/?s={search_term_string}\"},\"query-input\":{\"@type\":\"PropertyValueSpecification\",\"valueRequired\":true,\"valueName\":\"search_term_string\"}}],\"inLanguage\":\"en-US\"}]}<\/script>\n<!-- \/ Yoast SEO plugin. -->","yoast_head_json":{"title":"Programming - Arts Sutton","robots":{"index":"index","follow":"follow","max-snippet":"max-snippet:-1","max-image-preview":"max-image-preview:large","max-video-preview":"max-video-preview:-1"},"canonical":"https:\/\/artssutton.com\/en\/exhibitions\/programming\/","og_locale":"en_US","og_type":"article","og_title":"Programming - Arts Sutton","og_description":"Programming Current &amp; Upcoming Exhibitions Espace Claire-L\u00e9ger Upcoming conference-workshops Past Exhibitions Visit our archives Did you know that Arts Sutton members enjoy the benefit of a 10% rebate on the purchase of artwork presented at the Gallery? Become a member of Arts Sutton!","og_url":"https:\/\/artssutton.com\/en\/exhibitions\/programming\/","og_site_name":"Arts Sutton","article_publisher":"https:\/\/www.facebook.com\/artsSutton","article_modified_time":"2025-10-13T20:43:12+00:00","og_image":[{"width":2400,"height":1260,"url":"https:\/\/artssutton.com\/wp-content\/uploads\/2019\/07\/Logo_couleur_B_O-FB2019-2400.png","type":"image\/png"}],"schema":{"@context":"https:\/\/schema.org","@graph":[{"@type":"WebPage","@id":"https:\/\/artssutton.com\/en\/exhibitions\/programming\/","url":"https:\/\/artssutton.com\/en\/exhibitions\/programming\/","name":"Programming - Arts Sutton","isPartOf":{"@id":"https:\/\/artssutton.com\/en\/#website"},"datePublished":"2015-12-09T15:00:49+00:00","dateModified":"2025-10-13T20:43:12+00:00","breadcrumb":{"@id":"https:\/\/artssutton.com\/en\/exhibitions\/programming\/#breadcrumb"},"inLanguage":"en-US","potentialAction":[{"@type":"ReadAction","target":["https:\/\/artssutton.com\/en\/exhibitions\/programming\/"]}]},{"@type":"BreadcrumbList","@id":"https:\/\/artssutton.com\/en\/exhibitions\/programming\/#breadcrumb","itemListElement":[{"@type":"ListItem","position":1,"name":"","item":"https:\/\/artssutton.com\/en\/home\/"},{"@type":"ListItem","position":2,"name":"Exhibitions","item":"https:\/\/artssutton.com\/en\/exhibitions\/"},{"@type":"ListItem","position":3,"name":"Programming"}]},{"@type":"WebSite","@id":"https:\/\/artssutton.com\/en\/#website","url":"https:\/\/artssutton.com\/en\/","name":"Arts Sutton","description":"Vou\u00e9 \u00e0 la diffusion de la cr\u00e9ation contemporaine en arts visuels","potentialAction":[{"@type":"SearchAction","target":{"@type":"EntryPoint","urlTemplate":"https:\/\/artssutton.com\/en\/?s={search_term_string}"},"query-input":{"@type":"PropertyValueSpecification","valueRequired":true,"valueName":"search_term_string"}}],"inLanguage":"en-US"}]}},"_links":{"self":[{"href":"https:\/\/artssutton.com\/en\/wp-json\/wp\/v2\/pages\/1326","targetHints":{"allow":["GET"]}}],"collection":[{"href":"https:\/\/artssutton.com\/en\/wp-json\/wp\/v2\/pages"}],"about":[{"href":"https:\/\/artssutton.com\/en\/wp-json\/wp\/v2\/types\/page"}],"author":[{"embeddable":true,"href":"https:\/\/artssutton.com\/en\/wp-json\/wp\/v2\/users\/105"}],"replies":[{"embeddable":true,"href":"https:\/\/artssutton.com\/en\/wp-json\/wp\/v2\/comments?post=1326"}],"version-history":[{"count":5,"href":"https:\/\/artssutton.com\/en\/wp-json\/wp\/v2\/pages\/1326\/revisions"}],"predecessor-version":[{"id":27044,"href":"https:\/\/artssutton.com\/en\/wp-json\/wp\/v2\/pages\/1326\/revisions\/27044"}],"up":[{"embeddable":true,"href":"https:\/\/artssutton.com\/en\/wp-json\/wp\/v2\/pages\/718"}],"wp:attachment":[{"href":"https:\/\/artssutton.com\/en\/wp-json\/wp\/v2\/media?parent=1326"}],"curies":[{"name":"wp","href":"https:\/\/api.w.org\/{rel}","templated":true}]}}