{"id":1174,"date":"2015-11-05T15:12:45","date_gmt":"2015-11-05T20:12:45","guid":{"rendered":"https:\/\/artssutton.com\/?page_id=1174"},"modified":"2026-01-22T15:42:49","modified_gmt":"2026-01-22T20:42:49","slug":"job-opportunities","status":"publish","type":"page","link":"https:\/\/artssutton.com\/en\/gallery\/job-opportunities\/","title":{"rendered":"Job Opportunities"},"content":{"rendered":"\n<h1>\n\t\t\tJob Opportunities\t<\/h1>\n\t\t\t<a href=\"mailto:info@artssutton.com\"  target=\"_self\">\n\t\t\t\t\t\tApply now\n\t\t\t\t\t<\/a>\n\n","protected":false},"excerpt":{"rendered":"<p>Job Opportunities Apply now<\/p>\n","protected":false},"author":105,"featured_media":24866,"parent":735,"menu_order":334,"comment_status":"closed","ping_status":"closed","template":"","meta":{"_acf_changed":false,"footnotes":""},"class_list":["post-1174","page","type-page","status-publish","has-post-thumbnail","hentry"],"acf":[],"yoast_head":"<!-- This site is optimized with the Yoast SEO plugin v27.5 - https:\/\/yoast.com\/product\/yoast-seo-wordpress\/ -->\n<title>Job Opportunities - Arts Sutton<\/title>\n<meta name=\"robots\" content=\"index, follow, max-snippet:-1, max-image-preview:large, max-video-preview:-1\" \/>\n<link rel=\"canonical\" href=\"https:\/\/artssutton.com\/en\/gallery\/job-opportunities\/\" \/>\n<meta property=\"og:locale\" content=\"en_US\" \/>\n<meta property=\"og:type\" content=\"article\" \/>\n<meta property=\"og:title\" content=\"Job Opportunities - Arts Sutton\" \/>\n<meta property=\"og:description\" content=\"Job Opportunities Apply now\" \/>\n<meta property=\"og:url\" content=\"https:\/\/artssutton.com\/en\/gallery\/job-opportunities\/\" \/>\n<meta property=\"og:site_name\" content=\"Arts Sutton\" \/>\n<meta property=\"article:publisher\" content=\"https:\/\/www.facebook.com\/artsSutton\" \/>\n<meta property=\"article:modified_time\" content=\"2026-01-22T20:42:49+00:00\" \/>\n<meta property=\"og:image\" content=\"https:\/\/artssutton.com\/wp-content\/uploads\/2025\/04\/Job-offer-fb.jpg\" \/>\n\t<meta property=\"og:image:width\" content=\"1200\" \/>\n\t<meta property=\"og:image:height\" content=\"628\" \/>\n\t<meta property=\"og:image:type\" content=\"image\/jpeg\" \/>\n<meta name=\"twitter:label1\" content=\"Est. reading time\" \/>\n\t<meta name=\"twitter:data1\" content=\"1 minute\" \/>\n<script type=\"application\/ld+json\" class=\"yoast-schema-graph\">{\"@context\":\"https:\\\/\\\/schema.org\",\"@graph\":[{\"@type\":\"WebPage\",\"@id\":\"https:\\\/\\\/artssutton.com\\\/en\\\/gallery\\\/job-opportunities\\\/\",\"url\":\"https:\\\/\\\/artssutton.com\\\/en\\\/gallery\\\/job-opportunities\\\/\",\"name\":\"Job Opportunities - Arts Sutton\",\"isPartOf\":{\"@id\":\"https:\\\/\\\/artssutton.com\\\/en\\\/#website\"},\"primaryImageOfPage\":{\"@id\":\"https:\\\/\\\/artssutton.com\\\/en\\\/gallery\\\/job-opportunities\\\/#primaryimage\"},\"image\":{\"@id\":\"https:\\\/\\\/artssutton.com\\\/en\\\/gallery\\\/job-opportunities\\\/#primaryimage\"},\"thumbnailUrl\":\"https:\\\/\\\/artssutton.com\\\/wp-content\\\/uploads\\\/2025\\\/04\\\/Job-offer-fb.jpg\",\"datePublished\":\"2015-11-05T20:12:45+00:00\",\"dateModified\":\"2026-01-22T20:42:49+00:00\",\"breadcrumb\":{\"@id\":\"https:\\\/\\\/artssutton.com\\\/en\\\/gallery\\\/job-opportunities\\\/#breadcrumb\"},\"inLanguage\":\"en-US\",\"potentialAction\":[{\"@type\":\"ReadAction\",\"target\":[\"https:\\\/\\\/artssutton.com\\\/en\\\/gallery\\\/job-opportunities\\\/\"]}]},{\"@type\":\"ImageObject\",\"inLanguage\":\"en-US\",\"@id\":\"https:\\\/\\\/artssutton.com\\\/en\\\/gallery\\\/job-opportunities\\\/#primaryimage\",\"url\":\"https:\\\/\\\/artssutton.com\\\/wp-content\\\/uploads\\\/2025\\\/04\\\/Job-offer-fb.jpg\",\"contentUrl\":\"https:\\\/\\\/artssutton.com\\\/wp-content\\\/uploads\\\/2025\\\/04\\\/Job-offer-fb.jpg\",\"width\":1200,\"height\":628,\"caption\":\"Job opportunities\"},{\"@type\":\"BreadcrumbList\",\"@id\":\"https:\\\/\\\/artssutton.com\\\/en\\\/gallery\\\/job-opportunities\\\/#breadcrumb\",\"itemListElement\":[{\"@type\":\"ListItem\",\"position\":1,\"name\":\"\",\"item\":\"https:\\\/\\\/artssutton.com\\\/en\\\/home\\\/\"},{\"@type\":\"ListItem\",\"position\":2,\"name\":\"The Gallery\",\"item\":\"https:\\\/\\\/artssutton.com\\\/en\\\/gallery\\\/\"},{\"@type\":\"ListItem\",\"position\":3,\"name\":\"Job Opportunities\"}]},{\"@type\":\"WebSite\",\"@id\":\"https:\\\/\\\/artssutton.com\\\/en\\\/#website\",\"url\":\"https:\\\/\\\/artssutton.com\\\/en\\\/\",\"name\":\"Arts Sutton\",\"description\":\"Vou\u00e9 \u00e0 la diffusion de la cr\u00e9ation contemporaine en arts visuels\",\"potentialAction\":[{\"@type\":\"SearchAction\",\"target\":{\"@type\":\"EntryPoint\",\"urlTemplate\":\"https:\\\/\\\/artssutton.com\\\/en\\\/?s={search_term_string}\"},\"query-input\":{\"@type\":\"PropertyValueSpecification\",\"valueRequired\":true,\"valueName\":\"search_term_string\"}}],\"inLanguage\":\"en-US\"}]}<\/script>\n<!-- \/ Yoast SEO plugin. -->","yoast_head_json":{"title":"Job Opportunities - Arts Sutton","robots":{"index":"index","follow":"follow","max-snippet":"max-snippet:-1","max-image-preview":"max-image-preview:large","max-video-preview":"max-video-preview:-1"},"canonical":"https:\/\/artssutton.com\/en\/gallery\/job-opportunities\/","og_locale":"en_US","og_type":"article","og_title":"Job Opportunities - Arts Sutton","og_description":"Job Opportunities Apply now","og_url":"https:\/\/artssutton.com\/en\/gallery\/job-opportunities\/","og_site_name":"Arts Sutton","article_publisher":"https:\/\/www.facebook.com\/artsSutton","article_modified_time":"2026-01-22T20:42:49+00:00","og_image":[{"width":1200,"height":628,"url":"https:\/\/artssutton.com\/wp-content\/uploads\/2025\/04\/Job-offer-fb.jpg","type":"image\/jpeg"}],"twitter_misc":{"Est. reading time":"1 minute"},"schema":{"@context":"https:\/\/schema.org","@graph":[{"@type":"WebPage","@id":"https:\/\/artssutton.com\/en\/gallery\/job-opportunities\/","url":"https:\/\/artssutton.com\/en\/gallery\/job-opportunities\/","name":"Job Opportunities - Arts Sutton","isPartOf":{"@id":"https:\/\/artssutton.com\/en\/#website"},"primaryImageOfPage":{"@id":"https:\/\/artssutton.com\/en\/gallery\/job-opportunities\/#primaryimage"},"image":{"@id":"https:\/\/artssutton.com\/en\/gallery\/job-opportunities\/#primaryimage"},"thumbnailUrl":"https:\/\/artssutton.com\/wp-content\/uploads\/2025\/04\/Job-offer-fb.jpg","datePublished":"2015-11-05T20:12:45+00:00","dateModified":"2026-01-22T20:42:49+00:00","breadcrumb":{"@id":"https:\/\/artssutton.com\/en\/gallery\/job-opportunities\/#breadcrumb"},"inLanguage":"en-US","potentialAction":[{"@type":"ReadAction","target":["https:\/\/artssutton.com\/en\/gallery\/job-opportunities\/"]}]},{"@type":"ImageObject","inLanguage":"en-US","@id":"https:\/\/artssutton.com\/en\/gallery\/job-opportunities\/#primaryimage","url":"https:\/\/artssutton.com\/wp-content\/uploads\/2025\/04\/Job-offer-fb.jpg","contentUrl":"https:\/\/artssutton.com\/wp-content\/uploads\/2025\/04\/Job-offer-fb.jpg","width":1200,"height":628,"caption":"Job opportunities"},{"@type":"BreadcrumbList","@id":"https:\/\/artssutton.com\/en\/gallery\/job-opportunities\/#breadcrumb","itemListElement":[{"@type":"ListItem","position":1,"name":"","item":"https:\/\/artssutton.com\/en\/home\/"},{"@type":"ListItem","position":2,"name":"The Gallery","item":"https:\/\/artssutton.com\/en\/gallery\/"},{"@type":"ListItem","position":3,"name":"Job Opportunities"}]},{"@type":"WebSite","@id":"https:\/\/artssutton.com\/en\/#website","url":"https:\/\/artssutton.com\/en\/","name":"Arts Sutton","description":"Vou\u00e9 \u00e0 la diffusion de la cr\u00e9ation contemporaine en arts visuels","potentialAction":[{"@type":"SearchAction","target":{"@type":"EntryPoint","urlTemplate":"https:\/\/artssutton.com\/en\/?s={search_term_string}"},"query-input":{"@type":"PropertyValueSpecification","valueRequired":true,"valueName":"search_term_string"}}],"inLanguage":"en-US"}]}},"_links":{"self":[{"href":"https:\/\/artssutton.com\/en\/wp-json\/wp\/v2\/pages\/1174","targetHints":{"allow":["GET"]}}],"collection":[{"href":"https:\/\/artssutton.com\/en\/wp-json\/wp\/v2\/pages"}],"about":[{"href":"https:\/\/artssutton.com\/en\/wp-json\/wp\/v2\/types\/page"}],"author":[{"embeddable":true,"href":"https:\/\/artssutton.com\/en\/wp-json\/wp\/v2\/users\/105"}],"replies":[{"embeddable":true,"href":"https:\/\/artssutton.com\/en\/wp-json\/wp\/v2\/comments?post=1174"}],"version-history":[{"count":2,"href":"https:\/\/artssutton.com\/en\/wp-json\/wp\/v2\/pages\/1174\/revisions"}],"predecessor-version":[{"id":27512,"href":"https:\/\/artssutton.com\/en\/wp-json\/wp\/v2\/pages\/1174\/revisions\/27512"}],"up":[{"embeddable":true,"href":"https:\/\/artssutton.com\/en\/wp-json\/wp\/v2\/pages\/735"}],"wp:featuredmedia":[{"embeddable":true,"href":"https:\/\/artssutton.com\/en\/wp-json\/wp\/v2\/media\/24866"}],"wp:attachment":[{"href":"https:\/\/artssutton.com\/en\/wp-json\/wp\/v2\/media?parent=1174"}],"curies":[{"name":"wp","href":"https:\/\/api.w.org\/{rel}","templated":true}]}}