{"id":108,"date":"2015-04-29T14:10:45","date_gmt":"2015-04-29T14:10:45","guid":{"rendered":"https:\/\/artssutton.com\/?page_id=108"},"modified":"2026-04-02T16:30:26","modified_gmt":"2026-04-02T20:30:26","slug":"home","status":"publish","type":"page","link":"https:\/\/artssutton.com\/en\/","title":{"rendered":"Home"},"content":{"rendered":"\n\n\t\t<ul>\n\t\t<li  data-children-wrapper=\"true\"><\/li>\t<\/ul>\n\n\n<h3>\n\t\t\tFrom  to  \t<\/h3>\n\t\t\t<a href=\"\"  target=\"_self\">\n\t\t\t\t\t\t\tRead more\n\t\t\t\t\t<\/a>\n<figure itemscope itemtype=\"https:\/\/schema.org\/ImageObject\">\n\t\t\t\t<img decoding=\"async\" src=\"https:\/\/artssutton.com\/wp-content\/plugins\/bb-plugin\/img\/pixel.png\" alt=\"\" onerror=\"this.style.display='none'\" loading=\"lazy\" \/>\n\t<\/figure>\n\t<p> <\/p>\n<p>&nbsp;<\/p>\n\t\t\t\t\t\t<img decoding=\"async\" src=\"https:\/\/artssutton.com\/wp-content\/uploads\/2021\/01\/RV-2020_DParent.jpg\" data-animation-class=\"none\" alt=\"Rendez-vous Arts Sutton 2020\" \/>\n\t\t\t<h3>Les rendez-vous Arts Sutton<\/h3>\n\t\t\t<p>Registrations are now open for the 8th edition of Rendez-vous Arts Sutton. <br \/>Join us &#8211; space is limited!<\/p>\n\t\t\t\t\t\t<a href=\"https:\/\/artssutton.com\/en\/call-for-projects\/les-rendez-vous-arts-sutton\/\" target=\"_self\">\n\t\t\t\tRead the the details\t\t\t<\/a>\n\t\t<ul>\n\t\t<li  data-children-wrapper=\"true\"><\/li>\t<\/ul>\n<figure itemscope itemtype=\"https:\/\/schema.org\/ImageObject\">\n\t\t\t\t<img decoding=\"async\" src=\"https:\/\/artssutton.com\/wp-content\/plugins\/bb-plugin\/img\/pixel.png\" alt=\"\" onerror=\"this.style.display='none'\" loading=\"lazy\" \/>\n\t<\/figure>\n\n<h3>\n\t\t\t\t<\/h3>\n<h4>\n\t\t\t\t<\/h4>\n<h4>\n\t\t\t\t<\/h4>\n\t\t\t<a href=\"\"  target=\"_self\">\n\t\t\t\t\t\t\tRead more\n\t\t\t\t\t<\/a>\n<h2>\n\t\t\tProgramming\t<\/h2>\n\t<p>Arts Sutton is a place of reflection and exchange, dedicated to the creation and diffusion of contemporary visual arts, in all its richness and diversity. Arts Sutton&#8217;s prioritize exhibitions that focus on space\/territory\/society through artistic proposals.  <\/p>\n\t\t\t<a href=\"https:\/\/artssutton.com\/en\/exhibitions\/programming\/\"  target=\"_self\">\n\t\t\t\t\t\t\tExhibitions\n\t\t\t\t\t<\/a>\n\t\t\t<a href=\"https:\/\/artssutton.com\/en\/exhibitions\/programming\/#conference\"  target=\"_self\">\n\t\t\t\t\t\t\tConferences-Workshops\n\t\t\t\t\t<\/a>\n<figure itemscope itemtype=\"https:\/\/schema.org\/ImageObject\">\n\t\t\t\t<img decoding=\"async\" src=\"https:\/\/artssutton.com\/wp-content\/uploads\/2020\/01\/Art-Sutton-2.jpg\" alt=\"Centre d&#039;art Galerie Arts Sutton\" height=\"1333\" width=\"2000\" title=\"Art-Sutton-2\" onerror=\"this.style.display='none'\" loading=\"lazy\" \/>\n\t<\/figure>\n\t\t<ul>\n\t\t<li  data-children-wrapper=\"true\"><\/li>\t<\/ul>\n<h2>\n\t\t\tVolunteering Calendar\t<\/h2>\n\t<p>Visit our page to book on the Lighthouse Keepers Calendar. <\/p>\n\t\t\t<a href=\"https:\/\/calendly.com\/artssutton-info\/gardiennage\"  target=\"_blank\" rel=\"noopener\"    rel=\"noopener\">\n\t\t\t\t\t\tView the calendar\n\t\t\t\t\t<\/a>\n\t\t\t\t\t\t<img decoding=\"async\" src=\"https:\/\/artssutton.com\/wp-content\/uploads\/2015\/04\/Ville-de-Sutton1.png\" alt=\"Ville de Sutton\" data-no-lazy=\"1\" \/>\t\t\t\t\t\n                            <p>Ville de Sutton<\/p>\n\t\t\t\t\t\t<img decoding=\"async\" src=\"https:\/\/artssutton.com\/wp-content\/uploads\/2024\/06\/Fondation_Townshippers_200.jpg\" alt=\"Fondation des Townshippers\" data-no-lazy=\"1\" \/>\t\t\t\t\t\n                            <p>Fondation des Townshippers<\/p>\n<h2>\n\t\t\tSubscribe to the Arts Sutton newsletter\t<\/h2>\n\t<p>Learn more about our exhibitions, the gallery&#8217;s opportunities for artists and the various activities at the Arts Sutton center.<\/p>\n\n","protected":false},"excerpt":{"rendered":"<p>From to Read more &nbsp; Les rendez-vous Arts Sutton Registrations are now open for the 8th edition of Rendez-vous Arts Sutton. Join us &#8211; space is limited! Read the the details Read more Programming Arts Sutton is a place of reflection and exchange, dedicated to the creation and diffusion of contemporary visual arts, in all&hellip;<\/p>\n","protected":false},"author":105,"featured_media":0,"parent":0,"menu_order":100,"comment_status":"closed","ping_status":"closed","template":"","meta":{"_acf_changed":false,"footnotes":""},"class_list":["post-108","page","type-page","status-publish","hentry"],"acf":[],"yoast_head":"<!-- This site is optimized with the Yoast SEO plugin v27.4 - https:\/\/yoast.com\/product\/yoast-seo-wordpress\/ -->\n<title>Arts Sutton Art Centre<\/title>\n<meta name=\"description\" content=\"Arts Sutton is a venue dedicated to broadcasting contemporary creation in the visual arts in all its richness and variety.\" \/>\n<meta name=\"robots\" content=\"index, follow, max-snippet:-1, max-image-preview:large, max-video-preview:-1\" \/>\n<link rel=\"canonical\" href=\"https:\/\/artssutton.com\/en\/\" \/>\n<meta property=\"og:locale\" content=\"en_US\" \/>\n<meta property=\"og:type\" content=\"article\" \/>\n<meta property=\"og:title\" content=\"Welcome to the Arts Sutton Art Centre\" \/>\n<meta property=\"og:description\" content=\"SANDRA SMIRLE, Wrought, from May 29 to June 29, 2025 at Arts Sutton\" \/>\n<meta property=\"og:url\" content=\"https:\/\/artssutton.com\/en\/\" \/>\n<meta property=\"og:site_name\" content=\"Arts Sutton\" \/>\n<meta property=\"article:publisher\" content=\"https:\/\/www.facebook.com\/artsSutton\" \/>\n<meta property=\"article:modified_time\" content=\"2026-04-02T20:30:26+00:00\" \/>\n<meta property=\"og:image\" content=\"https:\/\/artssutton.com\/wp-content\/uploads\/2024\/03\/TDA_2024_couverture_800.jpg\" \/>\n\t<meta property=\"og:image:width\" content=\"800\" \/>\n\t<meta property=\"og:image:height\" content=\"800\" \/>\n\t<meta property=\"og:image:type\" content=\"image\/jpeg\" \/>\n<meta name=\"twitter:label1\" content=\"Est. reading time\" \/>\n\t<meta name=\"twitter:data1\" content=\"4 minutes\" \/>\n<script type=\"application\/ld+json\" class=\"yoast-schema-graph\">{\"@context\":\"https:\\\/\\\/schema.org\",\"@graph\":[{\"@type\":\"WebPage\",\"@id\":\"https:\\\/\\\/artssutton.com\\\/en\\\/\",\"url\":\"https:\\\/\\\/artssutton.com\\\/en\\\/\",\"name\":\"Arts Sutton Art Centre\",\"isPartOf\":{\"@id\":\"https:\\\/\\\/artssutton.com\\\/en\\\/#website\"},\"primaryImageOfPage\":{\"@id\":\"https:\\\/\\\/artssutton.com\\\/en\\\/#primaryimage\"},\"image\":{\"@id\":\"https:\\\/\\\/artssutton.com\\\/en\\\/#primaryimage\"},\"thumbnailUrl\":\"https:\\\/\\\/artssutton.com\\\/wp-content\\\/plugins\\\/bb-plugin\\\/img\\\/pixel.png\",\"datePublished\":\"2015-04-29T14:10:45+00:00\",\"dateModified\":\"2026-04-02T20:30:26+00:00\",\"description\":\"Arts Sutton is a venue dedicated to broadcasting contemporary creation in the visual arts in all its richness and variety.\",\"breadcrumb\":{\"@id\":\"https:\\\/\\\/artssutton.com\\\/en\\\/#breadcrumb\"},\"inLanguage\":\"en-US\",\"potentialAction\":[{\"@type\":\"ReadAction\",\"target\":[\"https:\\\/\\\/artssutton.com\\\/en\\\/\"]}]},{\"@type\":\"ImageObject\",\"inLanguage\":\"en-US\",\"@id\":\"https:\\\/\\\/artssutton.com\\\/en\\\/#primaryimage\",\"url\":\"https:\\\/\\\/artssutton.com\\\/wp-content\\\/plugins\\\/bb-plugin\\\/img\\\/pixel.png\",\"contentUrl\":\"https:\\\/\\\/artssutton.com\\\/wp-content\\\/plugins\\\/bb-plugin\\\/img\\\/pixel.png\"},{\"@type\":\"BreadcrumbList\",\"@id\":\"https:\\\/\\\/artssutton.com\\\/en\\\/#breadcrumb\",\"itemListElement\":[{\"@type\":\"ListItem\",\"position\":1,\"name\":\"\",\"item\":\"https:\\\/\\\/artssutton.com\\\/en\\\/home\\\/\"},{\"@type\":\"ListItem\",\"position\":2,\"name\":\"Home\"}]},{\"@type\":\"WebSite\",\"@id\":\"https:\\\/\\\/artssutton.com\\\/en\\\/#website\",\"url\":\"https:\\\/\\\/artssutton.com\\\/en\\\/\",\"name\":\"Arts Sutton\",\"description\":\"Vou\u00e9 \u00e0 la diffusion de la cr\u00e9ation contemporaine en arts visuels\",\"potentialAction\":[{\"@type\":\"SearchAction\",\"target\":{\"@type\":\"EntryPoint\",\"urlTemplate\":\"https:\\\/\\\/artssutton.com\\\/en\\\/?s={search_term_string}\"},\"query-input\":{\"@type\":\"PropertyValueSpecification\",\"valueRequired\":true,\"valueName\":\"search_term_string\"}}],\"inLanguage\":\"en-US\"}]}<\/script>\n<!-- \/ Yoast SEO plugin. -->","yoast_head_json":{"title":"Arts Sutton Art Centre","description":"Arts Sutton is a venue dedicated to broadcasting contemporary creation in the visual arts in all its richness and variety.","robots":{"index":"index","follow":"follow","max-snippet":"max-snippet:-1","max-image-preview":"max-image-preview:large","max-video-preview":"max-video-preview:-1"},"canonical":"https:\/\/artssutton.com\/en\/","og_locale":"en_US","og_type":"article","og_title":"Welcome to the Arts Sutton Art Centre","og_description":"SANDRA SMIRLE, Wrought, from May 29 to June 29, 2025 at Arts Sutton","og_url":"https:\/\/artssutton.com\/en\/","og_site_name":"Arts Sutton","article_publisher":"https:\/\/www.facebook.com\/artsSutton","article_modified_time":"2026-04-02T20:30:26+00:00","og_image":[{"width":800,"height":800,"url":"https:\/\/artssutton.com\/wp-content\/uploads\/2024\/03\/TDA_2024_couverture_800.jpg","type":"image\/jpeg"}],"twitter_misc":{"Est. reading time":"4 minutes"},"schema":{"@context":"https:\/\/schema.org","@graph":[{"@type":"WebPage","@id":"https:\/\/artssutton.com\/en\/","url":"https:\/\/artssutton.com\/en\/","name":"Arts Sutton Art Centre","isPartOf":{"@id":"https:\/\/artssutton.com\/en\/#website"},"primaryImageOfPage":{"@id":"https:\/\/artssutton.com\/en\/#primaryimage"},"image":{"@id":"https:\/\/artssutton.com\/en\/#primaryimage"},"thumbnailUrl":"https:\/\/artssutton.com\/wp-content\/plugins\/bb-plugin\/img\/pixel.png","datePublished":"2015-04-29T14:10:45+00:00","dateModified":"2026-04-02T20:30:26+00:00","description":"Arts Sutton is a venue dedicated to broadcasting contemporary creation in the visual arts in all its richness and variety.","breadcrumb":{"@id":"https:\/\/artssutton.com\/en\/#breadcrumb"},"inLanguage":"en-US","potentialAction":[{"@type":"ReadAction","target":["https:\/\/artssutton.com\/en\/"]}]},{"@type":"ImageObject","inLanguage":"en-US","@id":"https:\/\/artssutton.com\/en\/#primaryimage","url":"https:\/\/artssutton.com\/wp-content\/plugins\/bb-plugin\/img\/pixel.png","contentUrl":"https:\/\/artssutton.com\/wp-content\/plugins\/bb-plugin\/img\/pixel.png"},{"@type":"BreadcrumbList","@id":"https:\/\/artssutton.com\/en\/#breadcrumb","itemListElement":[{"@type":"ListItem","position":1,"name":"","item":"https:\/\/artssutton.com\/en\/home\/"},{"@type":"ListItem","position":2,"name":"Home"}]},{"@type":"WebSite","@id":"https:\/\/artssutton.com\/en\/#website","url":"https:\/\/artssutton.com\/en\/","name":"Arts Sutton","description":"Vou\u00e9 \u00e0 la diffusion de la cr\u00e9ation contemporaine en arts visuels","potentialAction":[{"@type":"SearchAction","target":{"@type":"EntryPoint","urlTemplate":"https:\/\/artssutton.com\/en\/?s={search_term_string}"},"query-input":{"@type":"PropertyValueSpecification","valueRequired":true,"valueName":"search_term_string"}}],"inLanguage":"en-US"}]}},"_links":{"self":[{"href":"https:\/\/artssutton.com\/en\/wp-json\/wp\/v2\/pages\/108","targetHints":{"allow":["GET"]}}],"collection":[{"href":"https:\/\/artssutton.com\/en\/wp-json\/wp\/v2\/pages"}],"about":[{"href":"https:\/\/artssutton.com\/en\/wp-json\/wp\/v2\/types\/page"}],"author":[{"embeddable":true,"href":"https:\/\/artssutton.com\/en\/wp-json\/wp\/v2\/users\/105"}],"replies":[{"embeddable":true,"href":"https:\/\/artssutton.com\/en\/wp-json\/wp\/v2\/comments?post=108"}],"version-history":[{"count":15,"href":"https:\/\/artssutton.com\/en\/wp-json\/wp\/v2\/pages\/108\/revisions"}],"predecessor-version":[{"id":27740,"href":"https:\/\/artssutton.com\/en\/wp-json\/wp\/v2\/pages\/108\/revisions\/27740"}],"wp:attachment":[{"href":"https:\/\/artssutton.com\/en\/wp-json\/wp\/v2\/media?parent=108"}],"curies":[{"name":"wp","href":"https:\/\/api.w.org\/{rel}","templated":true}]}}